{"id":73,"date":"2024-06-02T23:56:27","date_gmt":"2024-06-02T23:56:27","guid":{"rendered":"https:\/\/eqvtg.com\/technologies-propres-et-energie\/"},"modified":"2026-04-02T12:05:46","modified_gmt":"2026-04-02T16:05:46","slug":"technologies-propres-et-energie","status":"publish","type":"page","link":"https:\/\/eqvtg.com\/en\/accueil\/industries\/technologies-propres-et-energie\/","title":{"rendered":"Clean Technologies and Energy"},"content":{"rendered":"<div data-elementor-type=\"wp-page\" data-elementor-id=\"73\" class=\"elementor elementor-73\" data-elementor-post-type=\"page\">\n\t\t\t\t\t\t<section class=\"elementor-section elementor-top-section elementor-element elementor-element-4732909a elementor-section-boxed elementor-section-height-default elementor-section-height-default\" data-id=\"4732909a\" data-element_type=\"section\" data-e-type=\"section\">\n\t\t\t\t\t\t<div class=\"elementor-container elementor-column-gap-default\">\n\t\t\t\t\t<div class=\"elementor-column elementor-col-100 elementor-top-column elementor-element elementor-element-290c851b\" data-id=\"290c851b\" data-element_type=\"column\" data-e-type=\"column\">\n\t\t\t<div class=\"elementor-widget-wrap elementor-element-populated\">\n\t\t\t\t\t\t<div class=\"elementor-element elementor-element-664db8da elementor-widget-mobile__width-inherit elementor-invisible elementor-widget elementor-widget-heading\" data-id=\"664db8da\" data-element_type=\"widget\" data-e-type=\"widget\" data-settings=\"{&quot;_animation_mobile&quot;:&quot;slideInRight&quot;,&quot;_animation&quot;:&quot;fadeInDown&quot;}\" data-widget_type=\"heading.default\">\n\t\t\t\t<div class=\"elementor-widget-container\">\n\t\t\t\t\t<h2 class=\"elementor-heading-title elementor-size-xl\"><span class=\"elementor-heading-title elementor-size-xl elementor-inline-editing pen\" data-elementor-setting-key=\"title\" data-pen-placeholder=\"Saisir ici...\" style=\"border: 0px;vertical-align: baseline;clear: both;line-height: 1.3em\">CLEAN TECHNOLOGIES AND ENERGY<\/span><\/h2>\t\t\t\t<\/div>\n\t\t\t\t<\/div>\n\t\t\t\t\t<\/div>\n\t\t<\/div>\n\t\t\t\t\t<\/div>\n\t\t<\/section>\n\t\t\t\t<section class=\"elementor-section elementor-top-section elementor-element elementor-element-7cc79b18 elementor-section-boxed elementor-section-height-default elementor-section-height-default\" data-id=\"7cc79b18\" data-element_type=\"section\" data-e-type=\"section\">\n\t\t\t\t\t\t<div class=\"elementor-container elementor-column-gap-default\">\n\t\t\t\t\t<div class=\"elementor-column elementor-col-25 elementor-top-column elementor-element elementor-element-1b08e861\" data-id=\"1b08e861\" data-element_type=\"column\" data-e-type=\"column\">\n\t\t\t<div class=\"elementor-widget-wrap elementor-element-populated\">\n\t\t\t\t\t\t<section class=\"elementor-section elementor-inner-section elementor-element elementor-element-6f2eb502 elementor-hidden-tablet elementor-hidden-mobile elementor-section-boxed elementor-section-height-default elementor-section-height-default\" data-id=\"6f2eb502\" data-element_type=\"section\" data-e-type=\"section\">\n\t\t\t\t\t\t<div class=\"elementor-container elementor-column-gap-default\">\n\t\t\t\t\t<div class=\"elementor-column elementor-col-100 elementor-inner-column elementor-element elementor-element-6f115925\" data-id=\"6f115925\" data-element_type=\"column\" data-e-type=\"column\">\n\t\t\t<div class=\"elementor-widget-wrap elementor-element-populated\">\n\t\t\t\t\t\t<div class=\"elementor-element elementor-element-2f1ce71a elementor-widget elementor-widget-heading\" data-id=\"2f1ce71a\" data-element_type=\"widget\" data-e-type=\"widget\" data-widget_type=\"heading.default\">\n\t\t\t\t<div class=\"elementor-widget-container\">\n\t\t\t\t\t<h2 class=\"elementor-heading-title elementor-size-default\"><a href=\"https:\/\/eqvtg.com\/en\/industries\/technologies-propres-et-energie\/\">Clean Technologies and Energy<\/a><\/h2>\t\t\t\t<\/div>\n\t\t\t\t<\/div>\n\t\t\t\t<div class=\"elementor-element elementor-element-181fa0d1 elementor-widget elementor-widget-heading\" data-id=\"181fa0d1\" data-element_type=\"widget\" data-e-type=\"widget\" data-widget_type=\"heading.default\">\n\t\t\t\t<div class=\"elementor-widget-container\">\n\t\t\t\t\t<h2 class=\"elementor-heading-title elementor-size-default\"><a href=\"https:\/\/eqvtg.com\/en\/industries\/sciences-de-la-vie\/\">Life Sciences<\/a><\/h2>\t\t\t\t<\/div>\n\t\t\t\t<\/div>\n\t\t\t\t<div class=\"elementor-element elementor-element-61c16127 elementor-widget elementor-widget-heading\" data-id=\"61c16127\" data-element_type=\"widget\" data-e-type=\"widget\" data-widget_type=\"heading.default\">\n\t\t\t\t<div class=\"elementor-widget-container\">\n\t\t\t\t\t<h2 class=\"elementor-heading-title elementor-size-default\"><a href=\"https:\/\/eqvtg.com\/en\/industries\/technologies-de-linformation-et-des-communications\/\">Information and Communication Technologies<\/a><\/h2>\t\t\t\t<\/div>\n\t\t\t\t<\/div>\n\t\t\t\t<div class=\"elementor-element elementor-element-7b0ee4c5 elementor-widget elementor-widget-heading\" data-id=\"7b0ee4c5\" data-element_type=\"widget\" data-e-type=\"widget\" data-widget_type=\"heading.default\">\n\t\t\t\t<div class=\"elementor-widget-container\">\n\t\t\t\t\t<h2 class=\"elementor-heading-title elementor-size-default\"><a href=\"https:\/\/eqvtg.com\/en\/industries\/transport-et-mobilite\/\">Transport and Mobility<\/a><\/h2>\t\t\t\t<\/div>\n\t\t\t\t<\/div>\n\t\t\t\t<div class=\"elementor-element elementor-element-5109cb4 elementor-widget elementor-widget-heading\" data-id=\"5109cb4\" data-element_type=\"widget\" data-e-type=\"widget\" data-widget_type=\"heading.default\">\n\t\t\t\t<div class=\"elementor-widget-container\">\n\t\t\t\t\t<h2 class=\"elementor-heading-title elementor-size-default\"><a href=\"https:\/\/eqvtg.com\/en\/industries\/agroalimentaire-et-bioalimentaire\/\">Agri-Food and Bio-Food<\/a><\/h2>\t\t\t\t<\/div>\n\t\t\t\t<\/div>\n\t\t\t\t<div class=\"elementor-element elementor-element-14b55a46 elementor-widget elementor-widget-heading\" data-id=\"14b55a46\" data-element_type=\"widget\" data-e-type=\"widget\" data-widget_type=\"heading.default\">\n\t\t\t\t<div class=\"elementor-widget-container\">\n\t\t\t\t\t<h2 class=\"elementor-heading-title elementor-size-default\"><a href=\"https:\/\/eqvtg.com\/en\/industries\/industries-creatives\/\">Creative Industries<\/a><\/h2>\t\t\t\t<\/div>\n\t\t\t\t<\/div>\n\t\t\t\t\t<\/div>\n\t\t<\/div>\n\t\t\t\t\t<\/div>\n\t\t<\/section>\n\t\t\t\t\t<\/div>\n\t\t<\/div>\n\t\t\t\t<div class=\"elementor-column elementor-col-25 elementor-top-column elementor-element elementor-element-c2387dc elementor-hidden-tablet elementor-hidden-mobile\" data-id=\"c2387dc\" data-element_type=\"column\" data-e-type=\"column\">\n\t\t\t<div class=\"elementor-widget-wrap\">\n\t\t\t\t\t\t\t<\/div>\n\t\t<\/div>\n\t\t\t\t<div class=\"elementor-column elementor-col-25 elementor-top-column elementor-element elementor-element-478d90cc\" data-id=\"478d90cc\" data-element_type=\"column\" data-e-type=\"column\">\n\t\t\t<div class=\"elementor-widget-wrap elementor-element-populated\">\n\t\t\t\t\t\t<div class=\"elementor-element elementor-element-646128b elementor-widget__width-initial elementor-widget elementor-widget-image\" data-id=\"646128b\" data-element_type=\"widget\" data-e-type=\"widget\" data-widget_type=\"image.default\">\n\t\t\t\t<div class=\"elementor-widget-container\">\n\t\t\t\t\t\t\t\t\t\t\t\t\t\t\t<img fetchpriority=\"high\" decoding=\"async\" width=\"940\" height=\"637\" src=\"https:\/\/eqvtg.com\/wp-content\/uploads\/2024\/06\/5-e1717423024621.png\" class=\"attachment-large size-large wp-image-402\" alt=\"Technologies propres et \u00e9nergie\" srcset=\"https:\/\/eqvtg.com\/wp-content\/uploads\/2024\/06\/5-e1717423024621.png 940w, https:\/\/eqvtg.com\/wp-content\/uploads\/2024\/06\/5-e1717423024621-300x203.png 300w, https:\/\/eqvtg.com\/wp-content\/uploads\/2024\/06\/5-e1717423024621-768x520.png 768w, https:\/\/eqvtg.com\/wp-content\/uploads\/2024\/06\/5-e1717423024621-18x12.png 18w\" sizes=\"(max-width: 940px) 100vw, 940px\" \/>\t\t\t\t\t\t\t\t\t\t\t\t\t\t\t<\/div>\n\t\t\t\t<\/div>\n\t\t\t\t\t<\/div>\n\t\t<\/div>\n\t\t\t\t<div class=\"elementor-column elementor-col-25 elementor-top-column elementor-element elementor-element-157bdc72 elementor-hidden-tablet elementor-hidden-mobile\" data-id=\"157bdc72\" data-element_type=\"column\" data-e-type=\"column\">\n\t\t\t<div class=\"elementor-widget-wrap\">\n\t\t\t\t\t\t\t<\/div>\n\t\t<\/div>\n\t\t\t\t\t<\/div>\n\t\t<\/section>\n\t\t\t\t<section class=\"elementor-section elementor-top-section elementor-element elementor-element-6525c36e elementor-section-boxed elementor-section-height-default elementor-section-height-default\" data-id=\"6525c36e\" data-element_type=\"section\" data-e-type=\"section\">\n\t\t\t\t\t\t<div class=\"elementor-container elementor-column-gap-default\">\n\t\t\t\t\t<div class=\"elementor-column elementor-col-50 elementor-top-column elementor-element elementor-element-7e138c80\" data-id=\"7e138c80\" data-element_type=\"column\" data-e-type=\"column\">\n\t\t\t<div class=\"elementor-widget-wrap elementor-element-populated\">\n\t\t\t\t\t\t<div class=\"elementor-element elementor-element-46aa4c34 elementor-widget elementor-widget-text-editor\" data-id=\"46aa4c34\" data-element_type=\"widget\" data-e-type=\"widget\" data-widget_type=\"text-editor.default\">\n\t\t\t\t<div class=\"elementor-widget-container\">\n\t\t\t\t\t\t\t\t\t<p>Innovation lies at the heart of solutions to the environmental challenges addressed by the clean technology and energy industry. Technologies such as solar, wind, hydroelectric, geothermal energy, as well as energy storage solutions and energy efficiency practices, are examples of the diversity within this industry, which aims to shape a cleaner and more sustainable future for the Earth.<\/p><p>Leverage EquiVantage's expertise in various areas such as market analysis, technology assessment, and strategic planning tailored to the unique needs of clean technology companies. This could include business development support, financing strategies, partnerships, and navigating private and public supply chains. EquiVantage helps its clients accelerate innovation, grow their businesses, and achieve their growth objectives.<\/p>\t\t\t\t\t\t\t\t<\/div>\n\t\t\t\t<\/div>\n\t\t\t\t\t<\/div>\n\t\t<\/div>\n\t\t\t\t<div class=\"elementor-column elementor-col-50 elementor-top-column elementor-element elementor-element-dc5e218\" data-id=\"dc5e218\" data-element_type=\"column\" data-e-type=\"column\">\n\t\t\t<div class=\"elementor-widget-wrap\">\n\t\t\t\t\t\t\t<\/div>\n\t\t<\/div>\n\t\t\t\t\t<\/div>\n\t\t<\/section>\n\t\t\t\t<section class=\"elementor-section elementor-top-section elementor-element elementor-element-68360366 elementor-section-boxed elementor-section-height-default elementor-section-height-default\" data-id=\"68360366\" data-element_type=\"section\" data-e-type=\"section\" data-settings=\"{&quot;background_background&quot;:&quot;classic&quot;}\">\n\t\t\t\t\t\t<div class=\"elementor-container elementor-column-gap-default\">\n\t\t\t\t\t<div class=\"elementor-column elementor-col-100 elementor-top-column elementor-element elementor-element-1830457f\" data-id=\"1830457f\" data-element_type=\"column\" data-e-type=\"column\">\n\t\t\t<div class=\"elementor-widget-wrap elementor-element-populated\">\n\t\t\t\t\t\t<div class=\"elementor-element elementor-element-54d0d692 elementor-invisible elementor-widget elementor-widget-heading\" data-id=\"54d0d692\" data-element_type=\"widget\" data-e-type=\"widget\" data-settings=\"{&quot;_animation_mobile&quot;:&quot;slideInRight&quot;,&quot;_animation&quot;:&quot;fadeInDown&quot;}\" data-widget_type=\"heading.default\">\n\t\t\t\t<div class=\"elementor-widget-container\">\n\t\t\t\t\t<h2 class=\"elementor-heading-title elementor-size-xl\">HOW CAN WE HELP YOU?<\/h2>\t\t\t\t<\/div>\n\t\t\t\t<\/div>\n\t\t\t\t<div class=\"elementor-element elementor-element-740e1c4c e-transform elementor-widget elementor-widget-heading\" data-id=\"740e1c4c\" data-element_type=\"widget\" data-e-type=\"widget\" data-settings=\"{&quot;_transform_scale_effect_hover&quot;:{&quot;unit&quot;:&quot;px&quot;,&quot;size&quot;:1.1,&quot;sizes&quot;:[]},&quot;_transform_scale_effect_hover_widescreen&quot;:{&quot;unit&quot;:&quot;px&quot;,&quot;size&quot;:&quot;&quot;,&quot;sizes&quot;:[]},&quot;_transform_scale_effect_hover_laptop&quot;:{&quot;unit&quot;:&quot;px&quot;,&quot;size&quot;:&quot;&quot;,&quot;sizes&quot;:[]},&quot;_transform_scale_effect_hover_tablet&quot;:{&quot;unit&quot;:&quot;px&quot;,&quot;size&quot;:&quot;&quot;,&quot;sizes&quot;:[]},&quot;_transform_scale_effect_hover_mobile&quot;:{&quot;unit&quot;:&quot;px&quot;,&quot;size&quot;:&quot;&quot;,&quot;sizes&quot;:[]}}\" data-widget_type=\"heading.default\">\n\t\t\t\t<div class=\"elementor-widget-container\">\n\t\t\t\t\t<h2 class=\"elementor-heading-title elementor-size-default\"><a href=\"\/en\/contact\/\">CONTACT US<\/a><\/h2>\t\t\t\t<\/div>\n\t\t\t\t<\/div>\n\t\t\t\t\t<\/div>\n\t\t<\/div>\n\t\t\t\t\t<\/div>\n\t\t<\/section>\n\t\t\t\t<\/div>","protected":false},"excerpt":{"rendered":"<p>TECHNOLOGIES PROPRES ET \u00c9NERGIE Technologies propres et \u00e9nergie Sciences de la vie Technologies de l&rsquo;information et des communications Transport et mobilit\u00e9 Agroalimentaire et bioalimentaire Industries cr\u00e9atives L&rsquo;innovation est au coeur des solutions aux d\u00e9fis environnementaux auxquels s&rsquo;attaquent l&rsquo;industrie des technologies propres et de l&rsquo;\u00e9nergie. Des technologies telles que l&rsquo;\u00e9nergie solaire, \u00e9olienne, hydro\u00e9lectrique, g\u00e9othermique, ainsi que [&hellip;]<\/p>\n","protected":false},"author":1,"featured_media":402,"parent":82,"menu_order":0,"comment_status":"closed","ping_status":"closed","template":"elementor_header_footer","meta":{"site-sidebar-layout":"no-sidebar","site-content-layout":"","ast-site-content-layout":"full-width-container","site-content-style":"default","site-sidebar-style":"default","ast-global-header-display":"","ast-banner-title-visibility":"","ast-main-header-display":"","ast-hfb-above-header-display":"","ast-hfb-below-header-display":"","ast-hfb-mobile-header-display":"","site-post-title":"disabled","ast-breadcrumbs-content":"","ast-featured-img":"disabled","footer-sml-layout":"","ast-disable-related-posts":"","theme-transparent-header-meta":"default","adv-header-id-meta":"","stick-header-meta":"","header-above-stick-meta":"","header-main-stick-meta":"","header-below-stick-meta":"","astra-migrate-meta-layouts":"set","ast-page-background-enabled":"default","ast-page-background-meta":{"desktop":{"background-color":"var(--ast-global-color-4)","background-image":"","background-repeat":"repeat","background-position":"center center","background-size":"auto","background-attachment":"scroll","background-type":"","background-media":"","overlay-type":"","overlay-color":"","overlay-opacity":"","overlay-gradient":""},"tablet":{"background-color":"","background-image":"","background-repeat":"repeat","background-position":"center center","background-size":"auto","background-attachment":"scroll","background-type":"","background-media":"","overlay-type":"","overlay-color":"","overlay-opacity":"","overlay-gradient":""},"mobile":{"background-color":"","background-image":"","background-repeat":"repeat","background-position":"center center","background-size":"auto","background-attachment":"scroll","background-type":"","background-media":"","overlay-type":"","overlay-color":"","overlay-opacity":"","overlay-gradient":""}},"ast-content-background-meta":{"desktop":{"background-color":"var(--ast-global-color-5)","background-image":"","background-repeat":"repeat","background-position":"center center","background-size":"auto","background-attachment":"scroll","background-type":"","background-media":"","overlay-type":"","overlay-color":"","overlay-opacity":"","overlay-gradient":""},"tablet":{"background-color":"var(--ast-global-color-5)","background-image":"","background-repeat":"repeat","background-position":"center center","background-size":"auto","background-attachment":"scroll","background-type":"","background-media":"","overlay-type":"","overlay-color":"","overlay-opacity":"","overlay-gradient":""},"mobile":{"background-color":"var(--ast-global-color-5)","background-image":"","background-repeat":"repeat","background-position":"center center","background-size":"auto","background-attachment":"scroll","background-type":"","background-media":"","overlay-type":"","overlay-color":"","overlay-opacity":"","overlay-gradient":""}},"footnotes":""},"class_list":["post-73","page","type-page","status-publish","has-post-thumbnail","hentry"],"yoast_head":"<!-- This site is optimized with the Yoast SEO plugin v27.4 - https:\/\/yoast.com\/product\/yoast-seo-wordpress\/ -->\n<title>Technologies propres et \u00e9nergie - EquiVantage Solutions<\/title>\n<meta name=\"robots\" content=\"index, follow, max-snippet:-1, max-image-preview:large, max-video-preview:-1\" \/>\n<link rel=\"canonical\" href=\"https:\/\/eqvtg.com\/en\/accueil\/industries\/technologies-propres-et-energie\/\" \/>\n<meta property=\"og:locale\" content=\"en_US\" \/>\n<meta property=\"og:type\" content=\"article\" \/>\n<meta property=\"og:title\" content=\"Technologies propres et \u00e9nergie - EquiVantage Solutions\" \/>\n<meta property=\"og:description\" content=\"TECHNOLOGIES PROPRES ET \u00c9NERGIE Technologies propres et \u00e9nergie Sciences de la vie Technologies de l&rsquo;information et des communications Transport et mobilit\u00e9 Agroalimentaire et bioalimentaire Industries cr\u00e9atives L&rsquo;innovation est au coeur des solutions aux d\u00e9fis environnementaux auxquels s&rsquo;attaquent l&rsquo;industrie des technologies propres et de l&rsquo;\u00e9nergie. Des technologies telles que l&rsquo;\u00e9nergie solaire, \u00e9olienne, hydro\u00e9lectrique, g\u00e9othermique, ainsi que [&hellip;]\" \/>\n<meta property=\"og:url\" content=\"https:\/\/eqvtg.com\/en\/accueil\/industries\/technologies-propres-et-energie\/\" \/>\n<meta property=\"og:site_name\" content=\"EquiVantage Solutions\" \/>\n<meta property=\"article:modified_time\" content=\"2026-04-02T16:05:46+00:00\" \/>\n<meta property=\"og:image\" content=\"https:\/\/eqvtg.com\/wp-content\/uploads\/2024\/06\/5-e1717423024621.png\" \/>\n\t<meta property=\"og:image:width\" content=\"940\" \/>\n\t<meta property=\"og:image:height\" content=\"637\" \/>\n\t<meta property=\"og:image:type\" content=\"image\/png\" \/>\n<meta name=\"twitter:card\" content=\"summary_large_image\" \/>\n<meta name=\"twitter:label1\" content=\"Est. reading time\" \/>\n\t<meta name=\"twitter:data1\" content=\"2 minutes\" \/>\n<script type=\"application\/ld+json\" class=\"yoast-schema-graph\">{\"@context\":\"https:\\\/\\\/schema.org\",\"@graph\":[{\"@type\":\"WebPage\",\"@id\":\"https:\\\/\\\/eqvtg.com\\\/accueil\\\/industries\\\/technologies-propres-et-energie\\\/\",\"url\":\"https:\\\/\\\/eqvtg.com\\\/accueil\\\/industries\\\/technologies-propres-et-energie\\\/\",\"name\":\"Technologies propres et \u00e9nergie - EquiVantage Solutions\",\"isPartOf\":{\"@id\":\"https:\\\/\\\/eqvtg.com\\\/#website\"},\"primaryImageOfPage\":{\"@id\":\"https:\\\/\\\/eqvtg.com\\\/accueil\\\/industries\\\/technologies-propres-et-energie\\\/#primaryimage\"},\"image\":{\"@id\":\"https:\\\/\\\/eqvtg.com\\\/accueil\\\/industries\\\/technologies-propres-et-energie\\\/#primaryimage\"},\"thumbnailUrl\":\"https:\\\/\\\/eqvtg.com\\\/wp-content\\\/uploads\\\/2024\\\/06\\\/5-e1717423024621.png\",\"datePublished\":\"2024-06-02T23:56:27+00:00\",\"dateModified\":\"2026-04-02T16:05:46+00:00\",\"breadcrumb\":{\"@id\":\"https:\\\/\\\/eqvtg.com\\\/accueil\\\/industries\\\/technologies-propres-et-energie\\\/#breadcrumb\"},\"inLanguage\":\"en-US\",\"potentialAction\":[{\"@type\":\"ReadAction\",\"target\":[\"https:\\\/\\\/eqvtg.com\\\/accueil\\\/industries\\\/technologies-propres-et-energie\\\/\"]}]},{\"@type\":\"ImageObject\",\"inLanguage\":\"en-US\",\"@id\":\"https:\\\/\\\/eqvtg.com\\\/accueil\\\/industries\\\/technologies-propres-et-energie\\\/#primaryimage\",\"url\":\"https:\\\/\\\/eqvtg.com\\\/wp-content\\\/uploads\\\/2024\\\/06\\\/5-e1717423024621.png\",\"contentUrl\":\"https:\\\/\\\/eqvtg.com\\\/wp-content\\\/uploads\\\/2024\\\/06\\\/5-e1717423024621.png\",\"width\":940,\"height\":637,\"caption\":\"Technologies propres et \u00e9nergie\"},{\"@type\":\"BreadcrumbList\",\"@id\":\"https:\\\/\\\/eqvtg.com\\\/accueil\\\/industries\\\/technologies-propres-et-energie\\\/#breadcrumb\",\"itemListElement\":[{\"@type\":\"ListItem\",\"position\":1,\"name\":\"Accueil\",\"item\":\"https:\\\/\\\/eqvtg.com\\\/\"},{\"@type\":\"ListItem\",\"position\":2,\"name\":\"Accueil\",\"item\":\"https:\\\/\\\/eqvtg.com\\\/\"},{\"@type\":\"ListItem\",\"position\":3,\"name\":\"Industries\",\"item\":\"https:\\\/\\\/eqvtg.com\\\/accueil\\\/industries\\\/\"},{\"@type\":\"ListItem\",\"position\":4,\"name\":\"Technologies propres et \u00e9nergie\"}]},{\"@type\":\"WebSite\",\"@id\":\"https:\\\/\\\/eqvtg.com\\\/#website\",\"url\":\"https:\\\/\\\/eqvtg.com\\\/\",\"name\":\"EquiVantage Solutions\",\"description\":\"Votre partenaire strat\u00e9gique de croissance\",\"publisher\":{\"@id\":\"https:\\\/\\\/eqvtg.com\\\/#organization\"},\"potentialAction\":[{\"@type\":\"SearchAction\",\"target\":{\"@type\":\"EntryPoint\",\"urlTemplate\":\"https:\\\/\\\/eqvtg.com\\\/?s={search_term_string}\"},\"query-input\":{\"@type\":\"PropertyValueSpecification\",\"valueRequired\":true,\"valueName\":\"search_term_string\"}}],\"inLanguage\":\"en-US\"},{\"@type\":\"Organization\",\"@id\":\"https:\\\/\\\/eqvtg.com\\\/#organization\",\"name\":\"EquiVantage Solutions\",\"url\":\"https:\\\/\\\/eqvtg.com\\\/\",\"logo\":{\"@type\":\"ImageObject\",\"inLanguage\":\"en-US\",\"@id\":\"https:\\\/\\\/eqvtg.com\\\/#\\\/schema\\\/logo\\\/image\\\/\",\"url\":\"https:\\\/\\\/eqvtg.com\\\/wp-content\\\/uploads\\\/2024\\\/06\\\/Color-logo-with-background.png\",\"contentUrl\":\"https:\\\/\\\/eqvtg.com\\\/wp-content\\\/uploads\\\/2024\\\/06\\\/Color-logo-with-background.png\",\"width\":3163,\"height\":806,\"caption\":\"EquiVantage Solutions\"},\"image\":{\"@id\":\"https:\\\/\\\/eqvtg.com\\\/#\\\/schema\\\/logo\\\/image\\\/\"},\"sameAs\":[\"https:\\\/\\\/www.linkedin.com\\\/company\\\/equivantage-solutions\\\/\"]}]}<\/script>\n<!-- \/ Yoast SEO plugin. -->","yoast_head_json":{"title":"Technologies propres et \u00e9nergie - EquiVantage Solutions","robots":{"index":"index","follow":"follow","max-snippet":"max-snippet:-1","max-image-preview":"max-image-preview:large","max-video-preview":"max-video-preview:-1"},"canonical":"https:\/\/eqvtg.com\/en\/accueil\/industries\/technologies-propres-et-energie\/","og_locale":"en_US","og_type":"article","og_title":"Technologies propres et \u00e9nergie - EquiVantage Solutions","og_description":"TECHNOLOGIES PROPRES ET \u00c9NERGIE Technologies propres et \u00e9nergie Sciences de la vie Technologies de l&rsquo;information et des communications Transport et mobilit\u00e9 Agroalimentaire et bioalimentaire Industries cr\u00e9atives L&rsquo;innovation est au coeur des solutions aux d\u00e9fis environnementaux auxquels s&rsquo;attaquent l&rsquo;industrie des technologies propres et de l&rsquo;\u00e9nergie. Des technologies telles que l&rsquo;\u00e9nergie solaire, \u00e9olienne, hydro\u00e9lectrique, g\u00e9othermique, ainsi que [&hellip;]","og_url":"https:\/\/eqvtg.com\/en\/accueil\/industries\/technologies-propres-et-energie\/","og_site_name":"EquiVantage Solutions","article_modified_time":"2026-04-02T16:05:46+00:00","og_image":[{"width":940,"height":637,"url":"https:\/\/eqvtg.com\/wp-content\/uploads\/2024\/06\/5-e1717423024621.png","type":"image\/png"}],"twitter_card":"summary_large_image","twitter_misc":{"Est. reading time":"2 minutes"},"schema":{"@context":"https:\/\/schema.org","@graph":[{"@type":"WebPage","@id":"https:\/\/eqvtg.com\/accueil\/industries\/technologies-propres-et-energie\/","url":"https:\/\/eqvtg.com\/accueil\/industries\/technologies-propres-et-energie\/","name":"Technologies propres et \u00e9nergie - EquiVantage Solutions","isPartOf":{"@id":"https:\/\/eqvtg.com\/#website"},"primaryImageOfPage":{"@id":"https:\/\/eqvtg.com\/accueil\/industries\/technologies-propres-et-energie\/#primaryimage"},"image":{"@id":"https:\/\/eqvtg.com\/accueil\/industries\/technologies-propres-et-energie\/#primaryimage"},"thumbnailUrl":"https:\/\/eqvtg.com\/wp-content\/uploads\/2024\/06\/5-e1717423024621.png","datePublished":"2024-06-02T23:56:27+00:00","dateModified":"2026-04-02T16:05:46+00:00","breadcrumb":{"@id":"https:\/\/eqvtg.com\/accueil\/industries\/technologies-propres-et-energie\/#breadcrumb"},"inLanguage":"en-US","potentialAction":[{"@type":"ReadAction","target":["https:\/\/eqvtg.com\/accueil\/industries\/technologies-propres-et-energie\/"]}]},{"@type":"ImageObject","inLanguage":"en-US","@id":"https:\/\/eqvtg.com\/accueil\/industries\/technologies-propres-et-energie\/#primaryimage","url":"https:\/\/eqvtg.com\/wp-content\/uploads\/2024\/06\/5-e1717423024621.png","contentUrl":"https:\/\/eqvtg.com\/wp-content\/uploads\/2024\/06\/5-e1717423024621.png","width":940,"height":637,"caption":"Technologies propres et \u00e9nergie"},{"@type":"BreadcrumbList","@id":"https:\/\/eqvtg.com\/accueil\/industries\/technologies-propres-et-energie\/#breadcrumb","itemListElement":[{"@type":"ListItem","position":1,"name":"Accueil","item":"https:\/\/eqvtg.com\/"},{"@type":"ListItem","position":2,"name":"Accueil","item":"https:\/\/eqvtg.com\/"},{"@type":"ListItem","position":3,"name":"Industries","item":"https:\/\/eqvtg.com\/accueil\/industries\/"},{"@type":"ListItem","position":4,"name":"Technologies propres et \u00e9nergie"}]},{"@type":"WebSite","@id":"https:\/\/eqvtg.com\/#website","url":"https:\/\/eqvtg.com\/","name":"EquiVantage Solutions","description":"Votre partenaire strat\u00e9gique de croissance","publisher":{"@id":"https:\/\/eqvtg.com\/#organization"},"potentialAction":[{"@type":"SearchAction","target":{"@type":"EntryPoint","urlTemplate":"https:\/\/eqvtg.com\/?s={search_term_string}"},"query-input":{"@type":"PropertyValueSpecification","valueRequired":true,"valueName":"search_term_string"}}],"inLanguage":"en-US"},{"@type":"Organization","@id":"https:\/\/eqvtg.com\/#organization","name":"EquiVantage Solutions","url":"https:\/\/eqvtg.com\/","logo":{"@type":"ImageObject","inLanguage":"en-US","@id":"https:\/\/eqvtg.com\/#\/schema\/logo\/image\/","url":"https:\/\/eqvtg.com\/wp-content\/uploads\/2024\/06\/Color-logo-with-background.png","contentUrl":"https:\/\/eqvtg.com\/wp-content\/uploads\/2024\/06\/Color-logo-with-background.png","width":3163,"height":806,"caption":"EquiVantage Solutions"},"image":{"@id":"https:\/\/eqvtg.com\/#\/schema\/logo\/image\/"},"sameAs":["https:\/\/www.linkedin.com\/company\/equivantage-solutions\/"]}]}},"_links":{"self":[{"href":"https:\/\/eqvtg.com\/en\/wp-json\/wp\/v2\/pages\/73","targetHints":{"allow":["GET"]}}],"collection":[{"href":"https:\/\/eqvtg.com\/en\/wp-json\/wp\/v2\/pages"}],"about":[{"href":"https:\/\/eqvtg.com\/en\/wp-json\/wp\/v2\/types\/page"}],"author":[{"embeddable":true,"href":"https:\/\/eqvtg.com\/en\/wp-json\/wp\/v2\/users\/1"}],"replies":[{"embeddable":true,"href":"https:\/\/eqvtg.com\/en\/wp-json\/wp\/v2\/comments?post=73"}],"version-history":[{"count":22,"href":"https:\/\/eqvtg.com\/en\/wp-json\/wp\/v2\/pages\/73\/revisions"}],"predecessor-version":[{"id":1680,"href":"https:\/\/eqvtg.com\/en\/wp-json\/wp\/v2\/pages\/73\/revisions\/1680"}],"up":[{"embeddable":true,"href":"https:\/\/eqvtg.com\/en\/wp-json\/wp\/v2\/pages\/82"}],"wp:featuredmedia":[{"embeddable":true,"href":"https:\/\/eqvtg.com\/en\/wp-json\/wp\/v2\/media\/402"}],"wp:attachment":[{"href":"https:\/\/eqvtg.com\/en\/wp-json\/wp\/v2\/media?parent=73"}],"curies":[{"name":"wp","href":"https:\/\/api.w.org\/{rel}","templated":true}]}}