{"id":61,"date":"2024-06-02T23:56:26","date_gmt":"2024-06-02T23:56:26","guid":{"rendered":"https:\/\/eqvtg.com\/julien-longchamp\/"},"modified":"2026-04-02T15:05:13","modified_gmt":"2026-04-02T19:05:13","slug":"albert-fingercwajg","status":"publish","type":"page","link":"https:\/\/eqvtg.com\/en\/accueil\/a-propos\/albert-fingercwajg\/","title":{"rendered":"Albert Fingercwajg"},"content":{"rendered":"<div data-elementor-type=\"wp-page\" data-elementor-id=\"61\" class=\"elementor elementor-61\" data-elementor-post-type=\"page\">\n\t\t\t\t\t\t<section class=\"elementor-section elementor-top-section elementor-element elementor-element-77466ac6 elementor-section-boxed elementor-section-height-default elementor-section-height-default\" data-id=\"77466ac6\" data-element_type=\"section\" data-e-type=\"section\">\n\t\t\t\t\t\t<div class=\"elementor-container elementor-column-gap-default\">\n\t\t\t\t\t<div class=\"elementor-column elementor-col-100 elementor-top-column elementor-element elementor-element-5deb50ca\" data-id=\"5deb50ca\" data-element_type=\"column\" data-e-type=\"column\">\n\t\t\t<div class=\"elementor-widget-wrap\">\n\t\t\t\t\t\t\t<\/div>\n\t\t<\/div>\n\t\t\t\t\t<\/div>\n\t\t<\/section>\n\t\t\t\t<section class=\"elementor-section elementor-top-section elementor-element elementor-element-6a9b030f elementor-section-boxed elementor-section-height-default elementor-section-height-default\" data-id=\"6a9b030f\" data-element_type=\"section\" data-e-type=\"section\">\n\t\t\t\t\t\t<div class=\"elementor-container elementor-column-gap-default\">\n\t\t\t\t\t<div class=\"elementor-column elementor-col-50 elementor-top-column elementor-element elementor-element-278d5aae\" data-id=\"278d5aae\" data-element_type=\"column\" data-e-type=\"column\">\n\t\t\t<div class=\"elementor-widget-wrap elementor-element-populated\">\n\t\t\t\t\t\t<div class=\"elementor-element elementor-element-50faa389 elementor-widget elementor-widget-image\" data-id=\"50faa389\" data-element_type=\"widget\" data-e-type=\"widget\" data-widget_type=\"image.default\">\n\t\t\t\t<div class=\"elementor-widget-container\">\n\t\t\t\t\t\t\t\t\t\t\t\t\t\t\t<img fetchpriority=\"high\" decoding=\"async\" width=\"1024\" height=\"1024\" src=\"https:\/\/eqvtg.com\/wp-content\/uploads\/2025\/03\/Albert-1-1024x1024.png\" class=\"attachment-large size-large wp-image-1496\" alt=\"\" srcset=\"https:\/\/eqvtg.com\/wp-content\/uploads\/2025\/03\/Albert-1-1024x1024.png 1024w, https:\/\/eqvtg.com\/wp-content\/uploads\/2025\/03\/Albert-1-300x300.png 300w, https:\/\/eqvtg.com\/wp-content\/uploads\/2025\/03\/Albert-1-150x150.png 150w, https:\/\/eqvtg.com\/wp-content\/uploads\/2025\/03\/Albert-1-768x768.png 768w, https:\/\/eqvtg.com\/wp-content\/uploads\/2025\/03\/Albert-1-12x12.png 12w, https:\/\/eqvtg.com\/wp-content\/uploads\/2025\/03\/Albert-1.png 1080w\" sizes=\"(max-width: 1024px) 100vw, 1024px\" \/>\t\t\t\t\t\t\t\t\t\t\t\t\t\t\t<\/div>\n\t\t\t\t<\/div>\n\t\t\t\t<div class=\"elementor-element elementor-element-3968ce90 elementor-widget__width-auto elementor-widget elementor-widget-heading\" data-id=\"3968ce90\" data-element_type=\"widget\" data-e-type=\"widget\" data-widget_type=\"heading.default\">\n\t\t\t\t<div class=\"elementor-widget-container\">\n\t\t\t\t\t<h2 class=\"elementor-heading-title elementor-size-default\">ALBERT FINGERCWAJG<\/h2>\t\t\t\t<\/div>\n\t\t\t\t<\/div>\n\t\t\t\t<div class=\"elementor-element elementor-element-2b0f150a elementor-widget__width-auto e-transform elementor-view-default elementor-widget elementor-widget-icon\" data-id=\"2b0f150a\" data-element_type=\"widget\" data-e-type=\"widget\" data-settings=\"{&quot;_transform_scale_effect_hover&quot;:{&quot;unit&quot;:&quot;px&quot;,&quot;size&quot;:1.02,&quot;sizes&quot;:[]},&quot;_transform_scale_effect_hover_widescreen&quot;:{&quot;unit&quot;:&quot;px&quot;,&quot;size&quot;:&quot;&quot;,&quot;sizes&quot;:[]},&quot;_transform_scale_effect_hover_laptop&quot;:{&quot;unit&quot;:&quot;px&quot;,&quot;size&quot;:&quot;&quot;,&quot;sizes&quot;:[]},&quot;_transform_scale_effect_hover_tablet&quot;:{&quot;unit&quot;:&quot;px&quot;,&quot;size&quot;:&quot;&quot;,&quot;sizes&quot;:[]},&quot;_transform_scale_effect_hover_mobile&quot;:{&quot;unit&quot;:&quot;px&quot;,&quot;size&quot;:&quot;&quot;,&quot;sizes&quot;:[]}}\" data-widget_type=\"icon.default\">\n\t\t\t\t<div class=\"elementor-widget-container\">\n\t\t\t\t\t\t\t<div class=\"elementor-icon-wrapper\">\n\t\t\t<a class=\"elementor-icon\" href=\"https:\/\/www.linkedin.com\/in\/albert-fingercwajg-8940825\/\">\n\t\t\t<svg aria-hidden=\"true\" class=\"e-font-icon-svg e-fab-linkedin\" viewbox=\"0 0 448 512\" xmlns=\"http:\/\/www.w3.org\/2000\/svg\"><path d=\"M416 32H31.9C14.3 32 0 46.5 0 64.3v383.4C0 465.5 14.3 480 31.9 480H416c17.6 0 32-14.5 32-32.3V64.3c0-17.8-14.4-32.3-32-32.3zM135.4 416H69V202.2h66.5V416zm-33.2-243c-21.3 0-38.5-17.3-38.5-38.5S80.9 96 102.2 96c21.2 0 38.5 17.3 38.5 38.5 0 21.3-17.2 38.5-38.5 38.5zm282.1 243h-66.4V312c0-24.8-.5-56.7-34.5-56.7-34.6 0-39.9 27-39.9 54.9V416h-66.4V202.2h63.7v29.2h.9c8.9-16.8 30.6-34.5 62.9-34.5 67.2 0 79.7 44.3 79.7 101.9V416z\"><\/path><\/svg>\t\t\t<\/a>\n\t\t<\/div>\n\t\t\t\t\t\t<\/div>\n\t\t\t\t<\/div>\n\t\t\t\t<div class=\"elementor-element elementor-element-627469a2 elementor-widget elementor-widget-text-editor\" data-id=\"627469a2\" data-element_type=\"widget\" data-e-type=\"widget\" data-widget_type=\"text-editor.default\">\n\t\t\t\t<div class=\"elementor-widget-container\">\n\t\t\t\t\t\t\t\t\t<p>Expert Strategist in Corporate Growth, Supply Chain, Logistics and B2G Commercialisation<\/p><p>afingercwajg@eqvtg.com<\/p>\t\t\t\t\t\t\t\t<\/div>\n\t\t\t\t<\/div>\n\t\t\t\t<div class=\"elementor-element elementor-element-d6a8377 elementor-widget elementor-widget-heading\" data-id=\"d6a8377\" data-element_type=\"widget\" data-e-type=\"widget\" data-widget_type=\"heading.default\">\n\t\t\t\t<div class=\"elementor-widget-container\">\n\t\t\t\t\t<h2 class=\"elementor-heading-title elementor-size-default\">EDUCATION<\/h2>\t\t\t\t<\/div>\n\t\t\t\t<\/div>\n\t\t\t\t<div class=\"elementor-element elementor-element-2c7f1309 elementor-widget elementor-widget-text-editor\" data-id=\"2c7f1309\" data-element_type=\"widget\" data-e-type=\"widget\" data-widget_type=\"text-editor.default\">\n\t\t\t\t<div class=\"elementor-widget-container\">\n\t\t\t\t\t\t\t\t\t<p>BCom<\/p>\t\t\t\t\t\t\t\t<\/div>\n\t\t\t\t<\/div>\n\t\t\t\t<div class=\"elementor-element elementor-element-4034ba05 elementor-widget elementor-widget-heading\" data-id=\"4034ba05\" data-element_type=\"widget\" data-e-type=\"widget\" data-widget_type=\"heading.default\">\n\t\t\t\t<div class=\"elementor-widget-container\">\n\t\t\t\t\t<h2 class=\"elementor-heading-title elementor-size-default\">AREAS OF EXPERTISE\n<\/h2>\t\t\t\t<\/div>\n\t\t\t\t<\/div>\n\t\t\t\t<div class=\"elementor-element elementor-element-4416e39b elementor-widget elementor-widget-text-editor\" data-id=\"4416e39b\" data-element_type=\"widget\" data-e-type=\"widget\" data-widget_type=\"text-editor.default\">\n\t\t\t\t<div class=\"elementor-widget-container\">\n\t\t\t\t\t\t\t\t\t<ul><li>International Supply Chain Management<\/li><li>International Logistics and Transportation<\/li><li>Customs and Regulatory Compliance<\/li><li>Logistics Consulting<\/li><li>Leadership and Team Management<\/li><\/ul>\t\t\t\t\t\t\t\t<\/div>\n\t\t\t\t<\/div>\n\t\t\t\t\t<\/div>\n\t\t<\/div>\n\t\t\t\t<div class=\"elementor-column elementor-col-50 elementor-top-column elementor-element elementor-element-3e9d6a6f\" data-id=\"3e9d6a6f\" data-element_type=\"column\" data-e-type=\"column\">\n\t\t\t<div class=\"elementor-widget-wrap elementor-element-populated\">\n\t\t\t\t\t\t<div class=\"elementor-element elementor-element-5af2e212 elementor-widget elementor-widget-text-editor\" data-id=\"5af2e212\" data-element_type=\"widget\" data-e-type=\"widget\" data-widget_type=\"text-editor.default\">\n\t\t\t\t<div class=\"elementor-widget-container\">\n\t\t\t\t\t\t\t\t\t<p>Albert Fingercwajg is a business growth strategist and supply chain and logistics specialist with over 35 years of experience across Europe, North America, and the Middle East. His expertise spans both the public and private sectors, as well as national and international logistics. He is recognized for his inspiring leadership and ability to build transparent and constructive professional relationships, thereby facilitating the optimization of sourcing strategies and logistics management on a global scale.<\/p><p>Throughout his career, Albert has held leadership positions in several international companies, where he led teams in diverse sectors such as transportation, logistics, project procurement, and procurement management. His extensive experience includes a strong command of various transport types (air, maritime, trucking) and customs requirements, enabling him to understand both client expectations and the specificities of freight forwarders.<\/p><p>In 2001, Albert took over the logistics operations for the ABB group in Canada, overseeing not only the transportation operations for the 26 Canadian divisions but also the activities within ABB\u2019s global \u201cAir-Sea\u201d team. The air and maritime program implemented in 2006, in which he played a key role, remains in place to this day.<\/p><p>Later, in 2005, Albert joined SNC-Lavalin as Corporate Logistics Director (Global), where he made a significant contribution to the implementation of global logistics solutions, including the development of a \u201cTotal Landed Cost Calculator\u201d that calculates transportation costs and customs duties for over 50 international points of origin.<\/p><p>In 2016, Albert moved into independent consulting, where he supports SMEs in their growth in the field of international logistics and customs. He also assists his private clients in responding to public tenders and in preparing tenders for his public clients.<\/p>\t\t\t\t\t\t\t\t<\/div>\n\t\t\t\t<\/div>\n\t\t\t\t\t<\/div>\n\t\t<\/div>\n\t\t\t\t\t<\/div>\n\t\t<\/section>\n\t\t\t\t<section class=\"elementor-section elementor-top-section elementor-element elementor-element-902cdde elementor-section-boxed elementor-section-height-default elementor-section-height-default\" data-id=\"902cdde\" data-element_type=\"section\" data-e-type=\"section\" data-settings=\"{&quot;background_background&quot;:&quot;classic&quot;}\">\n\t\t\t\t\t\t<div class=\"elementor-container elementor-column-gap-default\">\n\t\t\t\t\t<div class=\"elementor-column elementor-col-100 elementor-top-column elementor-element elementor-element-68ce24d1\" data-id=\"68ce24d1\" data-element_type=\"column\" data-e-type=\"column\">\n\t\t\t<div class=\"elementor-widget-wrap elementor-element-populated\">\n\t\t\t\t\t\t<div class=\"elementor-element elementor-element-d9c57a elementor-invisible elementor-widget elementor-widget-heading\" data-id=\"d9c57a\" data-element_type=\"widget\" data-e-type=\"widget\" data-settings=\"{&quot;_animation_mobile&quot;:&quot;slideInRight&quot;,&quot;_animation&quot;:&quot;fadeInDown&quot;}\" data-widget_type=\"heading.default\">\n\t\t\t\t<div class=\"elementor-widget-container\">\n\t\t\t\t\t<h2 class=\"elementor-heading-title elementor-size-xl\">HOW CAN WE HELP YOU?<\/h2>\t\t\t\t<\/div>\n\t\t\t\t<\/div>\n\t\t\t\t<div class=\"elementor-element elementor-element-5de19a01 e-transform elementor-widget elementor-widget-heading\" data-id=\"5de19a01\" data-element_type=\"widget\" data-e-type=\"widget\" data-settings=\"{&quot;_transform_scale_effect_hover&quot;:{&quot;unit&quot;:&quot;px&quot;,&quot;size&quot;:1.1,&quot;sizes&quot;:[]},&quot;_transform_scale_effect_hover_widescreen&quot;:{&quot;unit&quot;:&quot;px&quot;,&quot;size&quot;:&quot;&quot;,&quot;sizes&quot;:[]},&quot;_transform_scale_effect_hover_laptop&quot;:{&quot;unit&quot;:&quot;px&quot;,&quot;size&quot;:&quot;&quot;,&quot;sizes&quot;:[]},&quot;_transform_scale_effect_hover_tablet&quot;:{&quot;unit&quot;:&quot;px&quot;,&quot;size&quot;:&quot;&quot;,&quot;sizes&quot;:[]},&quot;_transform_scale_effect_hover_mobile&quot;:{&quot;unit&quot;:&quot;px&quot;,&quot;size&quot;:&quot;&quot;,&quot;sizes&quot;:[]}}\" data-widget_type=\"heading.default\">\n\t\t\t\t<div class=\"elementor-widget-container\">\n\t\t\t\t\t<h2 class=\"elementor-heading-title elementor-size-default\"><a href=\"https:\/\/eqvtg.com\/en\/contact\/\">CONTACT US<\/a><\/h2>\t\t\t\t<\/div>\n\t\t\t\t<\/div>\n\t\t\t\t\t<\/div>\n\t\t<\/div>\n\t\t\t\t\t<\/div>\n\t\t<\/section>\n\t\t\t\t<\/div>","protected":false},"excerpt":{"rendered":"<p>ALBERT FINGERCWAJG Strat\u00e8ge expert en croissance d&rsquo;entreprises, cha\u00eene d&rsquo;approvisionnement, logistique et en commercialisation B2G afingercwajg@eqvtg.com \u00c9DUCATION BCom CHAMPS D&rsquo;EXPERTISE Gestion de la cha\u00eene d&rsquo;approvisionnement internationale Logistique et transport international Douanes et conformit\u00e9 r\u00e9glementaire Conseil en logistique Leadership et gestion d&rsquo;\u00e9quipe Albert Fingercwajg est un strat\u00e8ge en croissance d&rsquo;entreprises et sp\u00e9cialiste de la cha\u00eene d\u2019approvisionnement et [&hellip;]<\/p>\n","protected":false},"author":1,"featured_media":1496,"parent":222,"menu_order":0,"comment_status":"closed","ping_status":"closed","template":"elementor_header_footer","meta":{"site-sidebar-layout":"no-sidebar","site-content-layout":"","ast-site-content-layout":"full-width-container","site-content-style":"default","site-sidebar-style":"default","ast-global-header-display":"","ast-banner-title-visibility":"","ast-main-header-display":"","ast-hfb-above-header-display":"","ast-hfb-below-header-display":"","ast-hfb-mobile-header-display":"","site-post-title":"disabled","ast-breadcrumbs-content":"","ast-featured-img":"disabled","footer-sml-layout":"","ast-disable-related-posts":"","theme-transparent-header-meta":"default","adv-header-id-meta":"","stick-header-meta":"","header-above-stick-meta":"","header-main-stick-meta":"","header-below-stick-meta":"","astra-migrate-meta-layouts":"set","ast-page-background-enabled":"default","ast-page-background-meta":{"desktop":{"background-color":"var(--ast-global-color-4)","background-image":"","background-repeat":"repeat","background-position":"center center","background-size":"auto","background-attachment":"scroll","background-type":"","background-media":"","overlay-type":"","overlay-color":"","overlay-opacity":"","overlay-gradient":""},"tablet":{"background-color":"","background-image":"","background-repeat":"repeat","background-position":"center center","background-size":"auto","background-attachment":"scroll","background-type":"","background-media":"","overlay-type":"","overlay-color":"","overlay-opacity":"","overlay-gradient":""},"mobile":{"background-color":"","background-image":"","background-repeat":"repeat","background-position":"center center","background-size":"auto","background-attachment":"scroll","background-type":"","background-media":"","overlay-type":"","overlay-color":"","overlay-opacity":"","overlay-gradient":""}},"ast-content-background-meta":{"desktop":{"background-color":"var(--ast-global-color-5)","background-image":"","background-repeat":"repeat","background-position":"center center","background-size":"auto","background-attachment":"scroll","background-type":"","background-media":"","overlay-type":"","overlay-color":"","overlay-opacity":"","overlay-gradient":""},"tablet":{"background-color":"var(--ast-global-color-5)","background-image":"","background-repeat":"repeat","background-position":"center center","background-size":"auto","background-attachment":"scroll","background-type":"","background-media":"","overlay-type":"","overlay-color":"","overlay-opacity":"","overlay-gradient":""},"mobile":{"background-color":"var(--ast-global-color-5)","background-image":"","background-repeat":"repeat","background-position":"center center","background-size":"auto","background-attachment":"scroll","background-type":"","background-media":"","overlay-type":"","overlay-color":"","overlay-opacity":"","overlay-gradient":""}},"footnotes":""},"class_list":["post-61","page","type-page","status-publish","has-post-thumbnail","hentry"],"yoast_head":"<!-- This site is optimized with the Yoast SEO plugin v27.3 - https:\/\/yoast.com\/product\/yoast-seo-wordpress\/ -->\n<title>Albert Fingercwajg - EquiVantage Solutions<\/title>\n<meta name=\"robots\" content=\"index, follow, max-snippet:-1, max-image-preview:large, max-video-preview:-1\" \/>\n<link rel=\"canonical\" href=\"https:\/\/eqvtg.com\/en\/accueil\/a-propos\/albert-fingercwajg\/\" \/>\n<meta property=\"og:locale\" content=\"en_US\" \/>\n<meta property=\"og:type\" content=\"article\" \/>\n<meta property=\"og:title\" content=\"Albert Fingercwajg - EquiVantage Solutions\" \/>\n<meta property=\"og:description\" content=\"ALBERT FINGERCWAJG Strat\u00e8ge expert en croissance d&rsquo;entreprises, cha\u00eene d&rsquo;approvisionnement, logistique et en commercialisation B2G afingercwajg@eqvtg.com \u00c9DUCATION BCom CHAMPS D&rsquo;EXPERTISE Gestion de la cha\u00eene d&rsquo;approvisionnement internationale Logistique et transport international Douanes et conformit\u00e9 r\u00e9glementaire Conseil en logistique Leadership et gestion d&rsquo;\u00e9quipe Albert Fingercwajg est un strat\u00e8ge en croissance d&rsquo;entreprises et sp\u00e9cialiste de la cha\u00eene d\u2019approvisionnement et [&hellip;]\" \/>\n<meta property=\"og:url\" content=\"https:\/\/eqvtg.com\/en\/accueil\/a-propos\/albert-fingercwajg\/\" \/>\n<meta property=\"og:site_name\" content=\"EquiVantage Solutions\" \/>\n<meta property=\"article:modified_time\" content=\"2026-04-02T19:05:13+00:00\" \/>\n<meta property=\"og:image\" content=\"https:\/\/eqvtg.com\/wp-content\/uploads\/2025\/03\/Albert-1.png\" \/>\n\t<meta property=\"og:image:width\" content=\"1080\" \/>\n\t<meta property=\"og:image:height\" content=\"1080\" \/>\n\t<meta property=\"og:image:type\" content=\"image\/png\" \/>\n<meta name=\"twitter:card\" content=\"summary_large_image\" \/>\n<meta name=\"twitter:label1\" content=\"Est. reading time\" \/>\n\t<meta name=\"twitter:data1\" content=\"3 minutes\" \/>\n<script type=\"application\/ld+json\" class=\"yoast-schema-graph\">{\"@context\":\"https:\\\/\\\/schema.org\",\"@graph\":[{\"@type\":\"WebPage\",\"@id\":\"https:\\\/\\\/eqvtg.com\\\/accueil\\\/a-propos\\\/albert-fingercwajg\\\/\",\"url\":\"https:\\\/\\\/eqvtg.com\\\/accueil\\\/a-propos\\\/albert-fingercwajg\\\/\",\"name\":\"Albert Fingercwajg - EquiVantage Solutions\",\"isPartOf\":{\"@id\":\"https:\\\/\\\/eqvtg.com\\\/#website\"},\"primaryImageOfPage\":{\"@id\":\"https:\\\/\\\/eqvtg.com\\\/accueil\\\/a-propos\\\/albert-fingercwajg\\\/#primaryimage\"},\"image\":{\"@id\":\"https:\\\/\\\/eqvtg.com\\\/accueil\\\/a-propos\\\/albert-fingercwajg\\\/#primaryimage\"},\"thumbnailUrl\":\"https:\\\/\\\/eqvtg.com\\\/wp-content\\\/uploads\\\/2025\\\/03\\\/Albert-1.png\",\"datePublished\":\"2024-06-02T23:56:26+00:00\",\"dateModified\":\"2026-04-02T19:05:13+00:00\",\"breadcrumb\":{\"@id\":\"https:\\\/\\\/eqvtg.com\\\/accueil\\\/a-propos\\\/albert-fingercwajg\\\/#breadcrumb\"},\"inLanguage\":\"en-US\",\"potentialAction\":[{\"@type\":\"ReadAction\",\"target\":[\"https:\\\/\\\/eqvtg.com\\\/accueil\\\/a-propos\\\/albert-fingercwajg\\\/\"]}]},{\"@type\":\"ImageObject\",\"inLanguage\":\"en-US\",\"@id\":\"https:\\\/\\\/eqvtg.com\\\/accueil\\\/a-propos\\\/albert-fingercwajg\\\/#primaryimage\",\"url\":\"https:\\\/\\\/eqvtg.com\\\/wp-content\\\/uploads\\\/2025\\\/03\\\/Albert-1.png\",\"contentUrl\":\"https:\\\/\\\/eqvtg.com\\\/wp-content\\\/uploads\\\/2025\\\/03\\\/Albert-1.png\",\"width\":1080,\"height\":1080},{\"@type\":\"BreadcrumbList\",\"@id\":\"https:\\\/\\\/eqvtg.com\\\/accueil\\\/a-propos\\\/albert-fingercwajg\\\/#breadcrumb\",\"itemListElement\":[{\"@type\":\"ListItem\",\"position\":1,\"name\":\"Accueil\",\"item\":\"https:\\\/\\\/eqvtg.com\\\/\"},{\"@type\":\"ListItem\",\"position\":2,\"name\":\"Accueil\",\"item\":\"https:\\\/\\\/eqvtg.com\\\/\"},{\"@type\":\"ListItem\",\"position\":3,\"name\":\"\u00c0 propos\",\"item\":\"https:\\\/\\\/eqvtg.com\\\/accueil\\\/a-propos\\\/\"},{\"@type\":\"ListItem\",\"position\":4,\"name\":\"Albert Fingercwajg\"}]},{\"@type\":\"WebSite\",\"@id\":\"https:\\\/\\\/eqvtg.com\\\/#website\",\"url\":\"https:\\\/\\\/eqvtg.com\\\/\",\"name\":\"EquiVantage Solutions\",\"description\":\"Votre partenaire strat\u00e9gique de croissance\",\"publisher\":{\"@id\":\"https:\\\/\\\/eqvtg.com\\\/#organization\"},\"potentialAction\":[{\"@type\":\"SearchAction\",\"target\":{\"@type\":\"EntryPoint\",\"urlTemplate\":\"https:\\\/\\\/eqvtg.com\\\/?s={search_term_string}\"},\"query-input\":{\"@type\":\"PropertyValueSpecification\",\"valueRequired\":true,\"valueName\":\"search_term_string\"}}],\"inLanguage\":\"en-US\"},{\"@type\":\"Organization\",\"@id\":\"https:\\\/\\\/eqvtg.com\\\/#organization\",\"name\":\"EquiVantage Solutions\",\"url\":\"https:\\\/\\\/eqvtg.com\\\/\",\"logo\":{\"@type\":\"ImageObject\",\"inLanguage\":\"en-US\",\"@id\":\"https:\\\/\\\/eqvtg.com\\\/#\\\/schema\\\/logo\\\/image\\\/\",\"url\":\"https:\\\/\\\/eqvtg.com\\\/wp-content\\\/uploads\\\/2024\\\/06\\\/Color-logo-with-background.png\",\"contentUrl\":\"https:\\\/\\\/eqvtg.com\\\/wp-content\\\/uploads\\\/2024\\\/06\\\/Color-logo-with-background.png\",\"width\":3163,\"height\":806,\"caption\":\"EquiVantage Solutions\"},\"image\":{\"@id\":\"https:\\\/\\\/eqvtg.com\\\/#\\\/schema\\\/logo\\\/image\\\/\"},\"sameAs\":[\"https:\\\/\\\/www.linkedin.com\\\/company\\\/equivantage-solutions\\\/\"]}]}<\/script>\n<!-- \/ Yoast SEO plugin. -->","yoast_head_json":{"title":"Albert Fingercwajg - EquiVantage Solutions","robots":{"index":"index","follow":"follow","max-snippet":"max-snippet:-1","max-image-preview":"max-image-preview:large","max-video-preview":"max-video-preview:-1"},"canonical":"https:\/\/eqvtg.com\/en\/accueil\/a-propos\/albert-fingercwajg\/","og_locale":"en_US","og_type":"article","og_title":"Albert Fingercwajg - EquiVantage Solutions","og_description":"ALBERT FINGERCWAJG Strat\u00e8ge expert en croissance d&rsquo;entreprises, cha\u00eene d&rsquo;approvisionnement, logistique et en commercialisation B2G afingercwajg@eqvtg.com \u00c9DUCATION BCom CHAMPS D&rsquo;EXPERTISE Gestion de la cha\u00eene d&rsquo;approvisionnement internationale Logistique et transport international Douanes et conformit\u00e9 r\u00e9glementaire Conseil en logistique Leadership et gestion d&rsquo;\u00e9quipe Albert Fingercwajg est un strat\u00e8ge en croissance d&rsquo;entreprises et sp\u00e9cialiste de la cha\u00eene d\u2019approvisionnement et [&hellip;]","og_url":"https:\/\/eqvtg.com\/en\/accueil\/a-propos\/albert-fingercwajg\/","og_site_name":"EquiVantage Solutions","article_modified_time":"2026-04-02T19:05:13+00:00","og_image":[{"width":1080,"height":1080,"url":"https:\/\/eqvtg.com\/wp-content\/uploads\/2025\/03\/Albert-1.png","type":"image\/png"}],"twitter_card":"summary_large_image","twitter_misc":{"Est. reading time":"3 minutes"},"schema":{"@context":"https:\/\/schema.org","@graph":[{"@type":"WebPage","@id":"https:\/\/eqvtg.com\/accueil\/a-propos\/albert-fingercwajg\/","url":"https:\/\/eqvtg.com\/accueil\/a-propos\/albert-fingercwajg\/","name":"Albert Fingercwajg - EquiVantage Solutions","isPartOf":{"@id":"https:\/\/eqvtg.com\/#website"},"primaryImageOfPage":{"@id":"https:\/\/eqvtg.com\/accueil\/a-propos\/albert-fingercwajg\/#primaryimage"},"image":{"@id":"https:\/\/eqvtg.com\/accueil\/a-propos\/albert-fingercwajg\/#primaryimage"},"thumbnailUrl":"https:\/\/eqvtg.com\/wp-content\/uploads\/2025\/03\/Albert-1.png","datePublished":"2024-06-02T23:56:26+00:00","dateModified":"2026-04-02T19:05:13+00:00","breadcrumb":{"@id":"https:\/\/eqvtg.com\/accueil\/a-propos\/albert-fingercwajg\/#breadcrumb"},"inLanguage":"en-US","potentialAction":[{"@type":"ReadAction","target":["https:\/\/eqvtg.com\/accueil\/a-propos\/albert-fingercwajg\/"]}]},{"@type":"ImageObject","inLanguage":"en-US","@id":"https:\/\/eqvtg.com\/accueil\/a-propos\/albert-fingercwajg\/#primaryimage","url":"https:\/\/eqvtg.com\/wp-content\/uploads\/2025\/03\/Albert-1.png","contentUrl":"https:\/\/eqvtg.com\/wp-content\/uploads\/2025\/03\/Albert-1.png","width":1080,"height":1080},{"@type":"BreadcrumbList","@id":"https:\/\/eqvtg.com\/accueil\/a-propos\/albert-fingercwajg\/#breadcrumb","itemListElement":[{"@type":"ListItem","position":1,"name":"Accueil","item":"https:\/\/eqvtg.com\/"},{"@type":"ListItem","position":2,"name":"Accueil","item":"https:\/\/eqvtg.com\/"},{"@type":"ListItem","position":3,"name":"\u00c0 propos","item":"https:\/\/eqvtg.com\/accueil\/a-propos\/"},{"@type":"ListItem","position":4,"name":"Albert Fingercwajg"}]},{"@type":"WebSite","@id":"https:\/\/eqvtg.com\/#website","url":"https:\/\/eqvtg.com\/","name":"EquiVantage Solutions","description":"Votre partenaire strat\u00e9gique de croissance","publisher":{"@id":"https:\/\/eqvtg.com\/#organization"},"potentialAction":[{"@type":"SearchAction","target":{"@type":"EntryPoint","urlTemplate":"https:\/\/eqvtg.com\/?s={search_term_string}"},"query-input":{"@type":"PropertyValueSpecification","valueRequired":true,"valueName":"search_term_string"}}],"inLanguage":"en-US"},{"@type":"Organization","@id":"https:\/\/eqvtg.com\/#organization","name":"EquiVantage Solutions","url":"https:\/\/eqvtg.com\/","logo":{"@type":"ImageObject","inLanguage":"en-US","@id":"https:\/\/eqvtg.com\/#\/schema\/logo\/image\/","url":"https:\/\/eqvtg.com\/wp-content\/uploads\/2024\/06\/Color-logo-with-background.png","contentUrl":"https:\/\/eqvtg.com\/wp-content\/uploads\/2024\/06\/Color-logo-with-background.png","width":3163,"height":806,"caption":"EquiVantage Solutions"},"image":{"@id":"https:\/\/eqvtg.com\/#\/schema\/logo\/image\/"},"sameAs":["https:\/\/www.linkedin.com\/company\/equivantage-solutions\/"]}]}},"_links":{"self":[{"href":"https:\/\/eqvtg.com\/en\/wp-json\/wp\/v2\/pages\/61","targetHints":{"allow":["GET"]}}],"collection":[{"href":"https:\/\/eqvtg.com\/en\/wp-json\/wp\/v2\/pages"}],"about":[{"href":"https:\/\/eqvtg.com\/en\/wp-json\/wp\/v2\/types\/page"}],"author":[{"embeddable":true,"href":"https:\/\/eqvtg.com\/en\/wp-json\/wp\/v2\/users\/1"}],"replies":[{"embeddable":true,"href":"https:\/\/eqvtg.com\/en\/wp-json\/wp\/v2\/comments?post=61"}],"version-history":[{"count":32,"href":"https:\/\/eqvtg.com\/en\/wp-json\/wp\/v2\/pages\/61\/revisions"}],"predecessor-version":[{"id":1775,"href":"https:\/\/eqvtg.com\/en\/wp-json\/wp\/v2\/pages\/61\/revisions\/1775"}],"up":[{"embeddable":true,"href":"https:\/\/eqvtg.com\/en\/wp-json\/wp\/v2\/pages\/222"}],"wp:featuredmedia":[{"embeddable":true,"href":"https:\/\/eqvtg.com\/en\/wp-json\/wp\/v2\/media\/1496"}],"wp:attachment":[{"href":"https:\/\/eqvtg.com\/en\/wp-json\/wp\/v2\/media?parent=61"}],"curies":[{"name":"wp","href":"https:\/\/api.w.org\/{rel}","templated":true}]}}