{"id":532,"date":"2024-06-03T11:12:53","date_gmt":"2024-06-03T15:12:53","guid":{"rendered":"https:\/\/eqvtg.com\/?page_id=532"},"modified":"2024-09-15T16:07:10","modified_gmt":"2024-09-15T20:07:10","slug":"politique-de-confidentialite","status":"publish","type":"page","link":"https:\/\/eqvtg.com\/en\/accueil\/politique-de-confidentialite\/","title":{"rendered":"Privacy Policy"},"content":{"rendered":"<div data-elementor-type=\"wp-page\" data-elementor-id=\"532\" class=\"elementor elementor-532\" data-elementor-post-type=\"page\">\n\t\t\t\t\t\t<section class=\"elementor-section elementor-top-section elementor-element elementor-element-2336a69b elementor-section-boxed elementor-section-height-default elementor-section-height-default\" data-id=\"2336a69b\" data-element_type=\"section\" data-e-type=\"section\">\n\t\t\t\t\t\t<div class=\"elementor-container elementor-column-gap-default\">\n\t\t\t\t\t<div class=\"elementor-column elementor-col-100 elementor-top-column elementor-element elementor-element-1de99310\" data-id=\"1de99310\" data-element_type=\"column\" data-e-type=\"column\">\n\t\t\t<div class=\"elementor-widget-wrap elementor-element-populated\">\n\t\t\t\t\t\t<div class=\"elementor-element elementor-element-253c6dc2 elementor-widget-mobile__width-inherit elementor-invisible elementor-widget elementor-widget-heading\" data-id=\"253c6dc2\" data-element_type=\"widget\" data-e-type=\"widget\" data-settings=\"{&quot;_animation_mobile&quot;:&quot;slideInRight&quot;,&quot;_animation&quot;:&quot;fadeInDown&quot;}\" data-widget_type=\"heading.default\">\n\t\t\t\t<div class=\"elementor-widget-container\">\n\t\t\t\t\t<h2 class=\"elementor-heading-title elementor-size-xl\">PRIVACY POLICY<\/h2>\t\t\t\t<\/div>\n\t\t\t\t<\/div>\n\t\t\t\t<div class=\"elementor-element elementor-element-c78bd24 elementor-widget elementor-widget-text-editor\" data-id=\"c78bd24\" data-element_type=\"widget\" data-e-type=\"widget\" data-widget_type=\"text-editor.default\">\n\t\t\t\t<div class=\"elementor-widget-container\">\n\t\t\t\t\t\t\t\t\t<h4>Introduction<\/h4><p>EquiVantage Solutions Inc. is committed to protecting the privacy of users of the website eqvtg.com. This privacy policy is intended to inform you about how we collect, use, protect, and potentially share the personal information you provide to us. By accessing our website, you agree to the practices described in this policy.<\/p><h4>Information Gathering<\/h4><p>The only personal information we collect is that which you choose to provide voluntarily when filling out our information request form. This information includes your email address and your name.<\/p><h4>Use of Information<\/h4><p>The information we collect is used solely for the purpose of responding to your requests for information or providing the specifically requested services. They may also be used to improve the quality of our services and communicate with you regarding our website or services, if you have provided explicit consent for such communications.<\/p><h4>Protection of Information<\/h4><p>We take the security of your personal information very seriously. Appropriate security measures are in place to protect against the loss, misuse, or alteration of the information we have collected from you on our site. However, no security system is infallible, and we cannot guarantee the total security of your information.<\/p><h4>Information Sharing<\/h4><p>We are committed to not selling, trading, or transferring your personal information in any way to third parties. This rule does not apply to trusted third parties who assist us in operating our website, conducting our business, or servicing you, as long as these parties agree to keep this information confidential.<\/p><h4>User Rights<\/h4><p>You have the right at any time to request access to the personal information we hold about you, to request its correction or deletion, or to object to its processing for legitimate reasons.<\/p><h4>Changes to the Privacy Policy<\/h4><p>We reserve the right to modify this privacy policy at any time. All changes will take effect immediately upon being posted on the website. We encourage you to check this page regularly to stay informed about any changes.<\/p><h4>Contact<\/h4><p>If you have any questions or concerns regarding this privacy policy, please feel free to contact us using the information provided on our website.<\/p><p>This privacy policy was last updated on February 28, 2024.<\/p>\t\t\t\t\t\t\t\t<\/div>\n\t\t\t\t<\/div>\n\t\t\t\t\t<\/div>\n\t\t<\/div>\n\t\t\t\t\t<\/div>\n\t\t<\/section>\n\t\t\t\t<\/div>","protected":false},"excerpt":{"rendered":"<p>POLITIQUE DE CONFIDENTIALIT\u00c9 Introduction Equivantage Solutions Inc. s&rsquo;engage \u00e0 prot\u00e9ger la vie priv\u00e9e des utilisateurs du site web eqvtg.com. Cette politique de confidentialit\u00e9 a pour but de vous informer sur la mani\u00e8re dont nous collectons, utilisons, prot\u00e9geons et \u00e9ventuellement partageons les informations personnelles que vous nous fournissez. En consultant notre site web, vous acceptez les [&hellip;]<\/p>\n","protected":false},"author":1,"featured_media":0,"parent":228,"menu_order":0,"comment_status":"closed","ping_status":"closed","template":"elementor_header_footer","meta":{"site-sidebar-layout":"no-sidebar","site-content-layout":"","ast-site-content-layout":"full-width-container","site-content-style":"default","site-sidebar-style":"default","ast-global-header-display":"","ast-banner-title-visibility":"","ast-main-header-display":"","ast-hfb-above-header-display":"","ast-hfb-below-header-display":"","ast-hfb-mobile-header-display":"","site-post-title":"disabled","ast-breadcrumbs-content":"","ast-featured-img":"disabled","footer-sml-layout":"","ast-disable-related-posts":"","theme-transparent-header-meta":"default","adv-header-id-meta":"","stick-header-meta":"","header-above-stick-meta":"","header-main-stick-meta":"","header-below-stick-meta":"","astra-migrate-meta-layouts":"set","ast-page-background-enabled":"default","ast-page-background-meta":{"desktop":{"background-color":"var(--ast-global-color-4)","background-image":"","background-repeat":"repeat","background-position":"center center","background-size":"auto","background-attachment":"scroll","background-type":"","background-media":"","overlay-type":"","overlay-color":"","overlay-opacity":"","overlay-gradient":""},"tablet":{"background-color":"","background-image":"","background-repeat":"repeat","background-position":"center center","background-size":"auto","background-attachment":"scroll","background-type":"","background-media":"","overlay-type":"","overlay-color":"","overlay-opacity":"","overlay-gradient":""},"mobile":{"background-color":"","background-image":"","background-repeat":"repeat","background-position":"center center","background-size":"auto","background-attachment":"scroll","background-type":"","background-media":"","overlay-type":"","overlay-color":"","overlay-opacity":"","overlay-gradient":""}},"ast-content-background-meta":{"desktop":{"background-color":"var(--ast-global-color-5)","background-image":"","background-repeat":"repeat","background-position":"center center","background-size":"auto","background-attachment":"scroll","background-type":"","background-media":"","overlay-type":"","overlay-color":"","overlay-opacity":"","overlay-gradient":""},"tablet":{"background-color":"var(--ast-global-color-5)","background-image":"","background-repeat":"repeat","background-position":"center center","background-size":"auto","background-attachment":"scroll","background-type":"","background-media":"","overlay-type":"","overlay-color":"","overlay-opacity":"","overlay-gradient":""},"mobile":{"background-color":"var(--ast-global-color-5)","background-image":"","background-repeat":"repeat","background-position":"center center","background-size":"auto","background-attachment":"scroll","background-type":"","background-media":"","overlay-type":"","overlay-color":"","overlay-opacity":"","overlay-gradient":""}},"footnotes":""},"class_list":["post-532","page","type-page","status-publish","hentry"],"yoast_head":"<!-- This site is optimized with the Yoast SEO plugin v27.6 - https:\/\/yoast.com\/product\/yoast-seo-wordpress\/ -->\n<title>Politique de confidentialit\u00e9 - EquiVantage Solutions<\/title>\n<meta name=\"robots\" content=\"index, follow, max-snippet:-1, max-image-preview:large, max-video-preview:-1\" \/>\n<link rel=\"canonical\" href=\"https:\/\/eqvtg.com\/en\/accueil\/politique-de-confidentialite\/\" \/>\n<meta property=\"og:locale\" content=\"en_US\" \/>\n<meta property=\"og:type\" content=\"article\" \/>\n<meta property=\"og:title\" content=\"Politique de confidentialit\u00e9 - EquiVantage Solutions\" \/>\n<meta property=\"og:description\" content=\"POLITIQUE DE CONFIDENTIALIT\u00c9 Introduction Equivantage Solutions Inc. s&rsquo;engage \u00e0 prot\u00e9ger la vie priv\u00e9e des utilisateurs du site web eqvtg.com. Cette politique de confidentialit\u00e9 a pour but de vous informer sur la mani\u00e8re dont nous collectons, utilisons, prot\u00e9geons et \u00e9ventuellement partageons les informations personnelles que vous nous fournissez. En consultant notre site web, vous acceptez les [&hellip;]\" \/>\n<meta property=\"og:url\" content=\"https:\/\/eqvtg.com\/en\/accueil\/politique-de-confidentialite\/\" \/>\n<meta property=\"og:site_name\" content=\"EquiVantage Solutions\" \/>\n<meta property=\"article:modified_time\" content=\"2024-09-15T20:07:10+00:00\" \/>\n<meta name=\"twitter:card\" content=\"summary_large_image\" \/>\n<meta name=\"twitter:label1\" content=\"Est. reading time\" \/>\n\t<meta name=\"twitter:data1\" content=\"3 minutes\" \/>\n<script type=\"application\/ld+json\" class=\"yoast-schema-graph\">{\"@context\":\"https:\\\/\\\/schema.org\",\"@graph\":[{\"@type\":\"WebPage\",\"@id\":\"https:\\\/\\\/eqvtg.com\\\/accueil\\\/politique-de-confidentialite\\\/\",\"url\":\"https:\\\/\\\/eqvtg.com\\\/accueil\\\/politique-de-confidentialite\\\/\",\"name\":\"Politique de confidentialit\u00e9 - EquiVantage Solutions\",\"isPartOf\":{\"@id\":\"https:\\\/\\\/eqvtg.com\\\/#website\"},\"datePublished\":\"2024-06-03T15:12:53+00:00\",\"dateModified\":\"2024-09-15T20:07:10+00:00\",\"breadcrumb\":{\"@id\":\"https:\\\/\\\/eqvtg.com\\\/accueil\\\/politique-de-confidentialite\\\/#breadcrumb\"},\"inLanguage\":\"en-US\",\"potentialAction\":[{\"@type\":\"ReadAction\",\"target\":[\"https:\\\/\\\/eqvtg.com\\\/accueil\\\/politique-de-confidentialite\\\/\"]}]},{\"@type\":\"BreadcrumbList\",\"@id\":\"https:\\\/\\\/eqvtg.com\\\/accueil\\\/politique-de-confidentialite\\\/#breadcrumb\",\"itemListElement\":[{\"@type\":\"ListItem\",\"position\":1,\"name\":\"Accueil\",\"item\":\"https:\\\/\\\/eqvtg.com\\\/\"},{\"@type\":\"ListItem\",\"position\":2,\"name\":\"Accueil\",\"item\":\"https:\\\/\\\/eqvtg.com\\\/\"},{\"@type\":\"ListItem\",\"position\":3,\"name\":\"Politique de confidentialit\u00e9\"}]},{\"@type\":\"WebSite\",\"@id\":\"https:\\\/\\\/eqvtg.com\\\/#website\",\"url\":\"https:\\\/\\\/eqvtg.com\\\/\",\"name\":\"EquiVantage Solutions\",\"description\":\"Votre partenaire strat\u00e9gique de croissance\",\"publisher\":{\"@id\":\"https:\\\/\\\/eqvtg.com\\\/#organization\"},\"potentialAction\":[{\"@type\":\"SearchAction\",\"target\":{\"@type\":\"EntryPoint\",\"urlTemplate\":\"https:\\\/\\\/eqvtg.com\\\/?s={search_term_string}\"},\"query-input\":{\"@type\":\"PropertyValueSpecification\",\"valueRequired\":true,\"valueName\":\"search_term_string\"}}],\"inLanguage\":\"en-US\"},{\"@type\":\"Organization\",\"@id\":\"https:\\\/\\\/eqvtg.com\\\/#organization\",\"name\":\"EquiVantage Solutions\",\"url\":\"https:\\\/\\\/eqvtg.com\\\/\",\"logo\":{\"@type\":\"ImageObject\",\"inLanguage\":\"en-US\",\"@id\":\"https:\\\/\\\/eqvtg.com\\\/#\\\/schema\\\/logo\\\/image\\\/\",\"url\":\"https:\\\/\\\/eqvtg.com\\\/wp-content\\\/uploads\\\/2024\\\/06\\\/Color-logo-with-background.png\",\"contentUrl\":\"https:\\\/\\\/eqvtg.com\\\/wp-content\\\/uploads\\\/2024\\\/06\\\/Color-logo-with-background.png\",\"width\":3163,\"height\":806,\"caption\":\"EquiVantage Solutions\"},\"image\":{\"@id\":\"https:\\\/\\\/eqvtg.com\\\/#\\\/schema\\\/logo\\\/image\\\/\"},\"sameAs\":[\"https:\\\/\\\/www.linkedin.com\\\/company\\\/equivantage-solutions\\\/\"]}]}<\/script>\n<!-- \/ Yoast SEO plugin. -->","yoast_head_json":{"title":"Politique de confidentialit\u00e9 - EquiVantage Solutions","robots":{"index":"index","follow":"follow","max-snippet":"max-snippet:-1","max-image-preview":"max-image-preview:large","max-video-preview":"max-video-preview:-1"},"canonical":"https:\/\/eqvtg.com\/en\/accueil\/politique-de-confidentialite\/","og_locale":"en_US","og_type":"article","og_title":"Politique de confidentialit\u00e9 - EquiVantage Solutions","og_description":"POLITIQUE DE CONFIDENTIALIT\u00c9 Introduction Equivantage Solutions Inc. s&rsquo;engage \u00e0 prot\u00e9ger la vie priv\u00e9e des utilisateurs du site web eqvtg.com. Cette politique de confidentialit\u00e9 a pour but de vous informer sur la mani\u00e8re dont nous collectons, utilisons, prot\u00e9geons et \u00e9ventuellement partageons les informations personnelles que vous nous fournissez. En consultant notre site web, vous acceptez les [&hellip;]","og_url":"https:\/\/eqvtg.com\/en\/accueil\/politique-de-confidentialite\/","og_site_name":"EquiVantage Solutions","article_modified_time":"2024-09-15T20:07:10+00:00","twitter_card":"summary_large_image","twitter_misc":{"Est. reading time":"3 minutes"},"schema":{"@context":"https:\/\/schema.org","@graph":[{"@type":"WebPage","@id":"https:\/\/eqvtg.com\/accueil\/politique-de-confidentialite\/","url":"https:\/\/eqvtg.com\/accueil\/politique-de-confidentialite\/","name":"Politique de confidentialit\u00e9 - EquiVantage Solutions","isPartOf":{"@id":"https:\/\/eqvtg.com\/#website"},"datePublished":"2024-06-03T15:12:53+00:00","dateModified":"2024-09-15T20:07:10+00:00","breadcrumb":{"@id":"https:\/\/eqvtg.com\/accueil\/politique-de-confidentialite\/#breadcrumb"},"inLanguage":"en-US","potentialAction":[{"@type":"ReadAction","target":["https:\/\/eqvtg.com\/accueil\/politique-de-confidentialite\/"]}]},{"@type":"BreadcrumbList","@id":"https:\/\/eqvtg.com\/accueil\/politique-de-confidentialite\/#breadcrumb","itemListElement":[{"@type":"ListItem","position":1,"name":"Accueil","item":"https:\/\/eqvtg.com\/"},{"@type":"ListItem","position":2,"name":"Accueil","item":"https:\/\/eqvtg.com\/"},{"@type":"ListItem","position":3,"name":"Politique de confidentialit\u00e9"}]},{"@type":"WebSite","@id":"https:\/\/eqvtg.com\/#website","url":"https:\/\/eqvtg.com\/","name":"EquiVantage Solutions","description":"Votre partenaire strat\u00e9gique de croissance","publisher":{"@id":"https:\/\/eqvtg.com\/#organization"},"potentialAction":[{"@type":"SearchAction","target":{"@type":"EntryPoint","urlTemplate":"https:\/\/eqvtg.com\/?s={search_term_string}"},"query-input":{"@type":"PropertyValueSpecification","valueRequired":true,"valueName":"search_term_string"}}],"inLanguage":"en-US"},{"@type":"Organization","@id":"https:\/\/eqvtg.com\/#organization","name":"EquiVantage Solutions","url":"https:\/\/eqvtg.com\/","logo":{"@type":"ImageObject","inLanguage":"en-US","@id":"https:\/\/eqvtg.com\/#\/schema\/logo\/image\/","url":"https:\/\/eqvtg.com\/wp-content\/uploads\/2024\/06\/Color-logo-with-background.png","contentUrl":"https:\/\/eqvtg.com\/wp-content\/uploads\/2024\/06\/Color-logo-with-background.png","width":3163,"height":806,"caption":"EquiVantage Solutions"},"image":{"@id":"https:\/\/eqvtg.com\/#\/schema\/logo\/image\/"},"sameAs":["https:\/\/www.linkedin.com\/company\/equivantage-solutions\/"]}]}},"_links":{"self":[{"href":"https:\/\/eqvtg.com\/en\/wp-json\/wp\/v2\/pages\/532","targetHints":{"allow":["GET"]}}],"collection":[{"href":"https:\/\/eqvtg.com\/en\/wp-json\/wp\/v2\/pages"}],"about":[{"href":"https:\/\/eqvtg.com\/en\/wp-json\/wp\/v2\/types\/page"}],"author":[{"embeddable":true,"href":"https:\/\/eqvtg.com\/en\/wp-json\/wp\/v2\/users\/1"}],"replies":[{"embeddable":true,"href":"https:\/\/eqvtg.com\/en\/wp-json\/wp\/v2\/comments?post=532"}],"version-history":[{"count":10,"href":"https:\/\/eqvtg.com\/en\/wp-json\/wp\/v2\/pages\/532\/revisions"}],"predecessor-version":[{"id":1420,"href":"https:\/\/eqvtg.com\/en\/wp-json\/wp\/v2\/pages\/532\/revisions\/1420"}],"up":[{"embeddable":true,"href":"https:\/\/eqvtg.com\/en\/wp-json\/wp\/v2\/pages\/228"}],"wp:attachment":[{"href":"https:\/\/eqvtg.com\/en\/wp-json\/wp\/v2\/media?parent=532"}],"curies":[{"name":"wp","href":"https:\/\/api.w.org\/{rel}","templated":true}]}}