{"id":37,"date":"2024-06-02T23:56:25","date_gmt":"2024-06-02T23:56:25","guid":{"rendered":"https:\/\/eqvtg.com\/industries-creatives\/"},"modified":"2026-04-02T12:09:56","modified_gmt":"2026-04-02T16:09:56","slug":"industries-creatives","status":"publish","type":"page","link":"https:\/\/eqvtg.com\/en\/accueil\/industries\/industries-creatives\/","title":{"rendered":"Creative Industries"},"content":{"rendered":"<div data-elementor-type=\"wp-page\" data-elementor-id=\"37\" class=\"elementor elementor-37\" data-elementor-post-type=\"page\">\n\t\t\t\t\t\t<section class=\"elementor-section elementor-top-section elementor-element elementor-element-33e1b326 elementor-section-boxed elementor-section-height-default elementor-section-height-default\" data-id=\"33e1b326\" data-element_type=\"section\" data-e-type=\"section\">\n\t\t\t\t\t\t<div class=\"elementor-container elementor-column-gap-default\">\n\t\t\t\t\t<div class=\"elementor-column elementor-col-100 elementor-top-column elementor-element elementor-element-75c3a413\" data-id=\"75c3a413\" data-element_type=\"column\" data-e-type=\"column\">\n\t\t\t<div class=\"elementor-widget-wrap elementor-element-populated\">\n\t\t\t\t\t\t<div class=\"elementor-element elementor-element-2f4c9ef0 elementor-widget-mobile__width-inherit elementor-invisible elementor-widget elementor-widget-heading\" data-id=\"2f4c9ef0\" data-element_type=\"widget\" data-e-type=\"widget\" data-settings=\"{&quot;_animation_mobile&quot;:&quot;slideInRight&quot;,&quot;_animation&quot;:&quot;fadeInDown&quot;}\" data-widget_type=\"heading.default\">\n\t\t\t\t<div class=\"elementor-widget-container\">\n\t\t\t\t\t<h2 class=\"elementor-heading-title elementor-size-xl\"><span class=\"elementor-heading-title elementor-size-xl elementor-inline-editing pen\" data-elementor-setting-key=\"title\" data-pen-placeholder=\"Saisir ici...\" style=\"border: 0px;vertical-align: baseline;clear: both;line-height: 1.3em\">CREATIVE INDUSTRIES<\/span><\/h2>\t\t\t\t<\/div>\n\t\t\t\t<\/div>\n\t\t\t\t\t<\/div>\n\t\t<\/div>\n\t\t\t\t\t<\/div>\n\t\t<\/section>\n\t\t\t\t<section class=\"elementor-section elementor-top-section elementor-element elementor-element-400c2ed9 elementor-section-boxed elementor-section-height-default elementor-section-height-default\" data-id=\"400c2ed9\" data-element_type=\"section\" data-e-type=\"section\">\n\t\t\t\t\t\t<div class=\"elementor-container elementor-column-gap-default\">\n\t\t\t\t\t<div class=\"elementor-column elementor-col-25 elementor-top-column elementor-element elementor-element-2f9fb704\" data-id=\"2f9fb704\" data-element_type=\"column\" data-e-type=\"column\">\n\t\t\t<div class=\"elementor-widget-wrap elementor-element-populated\">\n\t\t\t\t\t\t<section class=\"elementor-section elementor-inner-section elementor-element elementor-element-abf2748 elementor-hidden-tablet elementor-hidden-mobile elementor-section-boxed elementor-section-height-default elementor-section-height-default\" data-id=\"abf2748\" data-element_type=\"section\" data-e-type=\"section\">\n\t\t\t\t\t\t<div class=\"elementor-container elementor-column-gap-default\">\n\t\t\t\t\t<div class=\"elementor-column elementor-col-100 elementor-inner-column elementor-element elementor-element-784e028c\" data-id=\"784e028c\" data-element_type=\"column\" data-e-type=\"column\">\n\t\t\t<div class=\"elementor-widget-wrap elementor-element-populated\">\n\t\t\t\t\t\t<div class=\"elementor-element elementor-element-71551a61 elementor-widget elementor-widget-heading\" data-id=\"71551a61\" data-element_type=\"widget\" data-e-type=\"widget\" data-widget_type=\"heading.default\">\n\t\t\t\t<div class=\"elementor-widget-container\">\n\t\t\t\t\t<h2 class=\"elementor-heading-title elementor-size-default\"><a href=\"https:\/\/eqvtg.com\/en\/industries\/technologies-propres-et-energie\/\">Clean Technologies and Energy<\/a><\/h2>\t\t\t\t<\/div>\n\t\t\t\t<\/div>\n\t\t\t\t<div class=\"elementor-element elementor-element-47362943 elementor-widget elementor-widget-heading\" data-id=\"47362943\" data-element_type=\"widget\" data-e-type=\"widget\" data-widget_type=\"heading.default\">\n\t\t\t\t<div class=\"elementor-widget-container\">\n\t\t\t\t\t<h2 class=\"elementor-heading-title elementor-size-default\"><a href=\"https:\/\/eqvtg.com\/en\/industries\/sciences-de-la-vie\/\">Life Sciences<\/a><\/h2>\t\t\t\t<\/div>\n\t\t\t\t<\/div>\n\t\t\t\t<div class=\"elementor-element elementor-element-7a28be2b elementor-widget elementor-widget-heading\" data-id=\"7a28be2b\" data-element_type=\"widget\" data-e-type=\"widget\" data-widget_type=\"heading.default\">\n\t\t\t\t<div class=\"elementor-widget-container\">\n\t\t\t\t\t<h2 class=\"elementor-heading-title elementor-size-default\"><a href=\"https:\/\/eqvtg.com\/en\/industries\/technologies-de-linformation-et-des-communications\/\">Information and Communication Technologies<\/a><\/h2>\t\t\t\t<\/div>\n\t\t\t\t<\/div>\n\t\t\t\t<div class=\"elementor-element elementor-element-91b4621 elementor-widget elementor-widget-heading\" data-id=\"91b4621\" data-element_type=\"widget\" data-e-type=\"widget\" data-widget_type=\"heading.default\">\n\t\t\t\t<div class=\"elementor-widget-container\">\n\t\t\t\t\t<h2 class=\"elementor-heading-title elementor-size-default\"><a href=\"https:\/\/eqvtg.com\/en\/industries\/transport-et-mobilite\/\">Transport and Mobility<\/a><\/h2>\t\t\t\t<\/div>\n\t\t\t\t<\/div>\n\t\t\t\t<div class=\"elementor-element elementor-element-1bd4a7a0 elementor-widget elementor-widget-heading\" data-id=\"1bd4a7a0\" data-element_type=\"widget\" data-e-type=\"widget\" data-widget_type=\"heading.default\">\n\t\t\t\t<div class=\"elementor-widget-container\">\n\t\t\t\t\t<h2 class=\"elementor-heading-title elementor-size-default\"><a href=\"https:\/\/eqvtg.com\/en\/industries\/agroalimentaire-et-bioalimentaire\/\">Agri-Food and Bio-Food<\/a><\/h2>\t\t\t\t<\/div>\n\t\t\t\t<\/div>\n\t\t\t\t\t<\/div>\n\t\t<\/div>\n\t\t\t\t\t<\/div>\n\t\t<\/section>\n\t\t\t\t<div class=\"elementor-element elementor-element-73b3b8c4 elementor-widget elementor-widget-heading\" data-id=\"73b3b8c4\" data-element_type=\"widget\" data-e-type=\"widget\" data-widget_type=\"heading.default\">\n\t\t\t\t<div class=\"elementor-widget-container\">\n\t\t\t\t\t<h2 class=\"elementor-heading-title elementor-size-default\"><a href=\"https:\/\/eqvtg.com\/en\/industries\/industries-creatives\/\">Creative Industries<\/a><\/h2>\t\t\t\t<\/div>\n\t\t\t\t<\/div>\n\t\t\t\t\t<\/div>\n\t\t<\/div>\n\t\t\t\t<div class=\"elementor-column elementor-col-25 elementor-top-column elementor-element elementor-element-1f9fc659 elementor-hidden-tablet elementor-hidden-mobile\" data-id=\"1f9fc659\" data-element_type=\"column\" data-e-type=\"column\">\n\t\t\t<div class=\"elementor-widget-wrap\">\n\t\t\t\t\t\t\t<\/div>\n\t\t<\/div>\n\t\t\t\t<div class=\"elementor-column elementor-col-25 elementor-top-column elementor-element elementor-element-481b5cab\" data-id=\"481b5cab\" data-element_type=\"column\" data-e-type=\"column\">\n\t\t\t<div class=\"elementor-widget-wrap elementor-element-populated\">\n\t\t\t\t\t\t<div class=\"elementor-element elementor-element-58bd77b0 elementor-widget__width-initial elementor-widget elementor-widget-image\" data-id=\"58bd77b0\" data-element_type=\"widget\" data-e-type=\"widget\" data-widget_type=\"image.default\">\n\t\t\t\t<div class=\"elementor-widget-container\">\n\t\t\t\t\t\t\t\t\t\t\t\t\t\t\t<img fetchpriority=\"high\" decoding=\"async\" width=\"940\" height=\"637\" src=\"https:\/\/eqvtg.com\/wp-content\/uploads\/2024\/06\/9-e1717423268309.png\" class=\"attachment-large size-large wp-image-401\" alt=\"Industries cr\u00e9atives\" srcset=\"https:\/\/eqvtg.com\/wp-content\/uploads\/2024\/06\/9-e1717423268309.png 940w, https:\/\/eqvtg.com\/wp-content\/uploads\/2024\/06\/9-e1717423268309-300x203.png 300w, https:\/\/eqvtg.com\/wp-content\/uploads\/2024\/06\/9-e1717423268309-768x520.png 768w, https:\/\/eqvtg.com\/wp-content\/uploads\/2024\/06\/9-e1717423268309-18x12.png 18w\" sizes=\"(max-width: 940px) 100vw, 940px\" \/>\t\t\t\t\t\t\t\t\t\t\t\t\t\t\t<\/div>\n\t\t\t\t<\/div>\n\t\t\t\t\t<\/div>\n\t\t<\/div>\n\t\t\t\t<div class=\"elementor-column elementor-col-25 elementor-top-column elementor-element elementor-element-11e346b6 elementor-hidden-tablet elementor-hidden-mobile\" data-id=\"11e346b6\" data-element_type=\"column\" data-e-type=\"column\">\n\t\t\t<div class=\"elementor-widget-wrap\">\n\t\t\t\t\t\t\t<\/div>\n\t\t<\/div>\n\t\t\t\t\t<\/div>\n\t\t<\/section>\n\t\t\t\t<section class=\"elementor-section elementor-top-section elementor-element elementor-element-95fcc02 elementor-section-boxed elementor-section-height-default elementor-section-height-default\" data-id=\"95fcc02\" data-element_type=\"section\" data-e-type=\"section\">\n\t\t\t\t\t\t<div class=\"elementor-container elementor-column-gap-default\">\n\t\t\t\t\t<div class=\"elementor-column elementor-col-50 elementor-top-column elementor-element elementor-element-27d633fd\" data-id=\"27d633fd\" data-element_type=\"column\" data-e-type=\"column\">\n\t\t\t<div class=\"elementor-widget-wrap elementor-element-populated\">\n\t\t\t\t\t\t<div class=\"elementor-element elementor-element-1c1590db elementor-widget elementor-widget-text-editor\" data-id=\"1c1590db\" data-element_type=\"widget\" data-e-type=\"widget\" data-widget_type=\"text-editor.default\">\n\t\t\t\t<div class=\"elementor-widget-container\">\n\t\t\t\t\t\t\t\t\t<p>The creative industries play a vital role in our modern society, shaping our experiences and culture across various sectors. EquiVantage is committed to supporting and fostering innovation within these industries, with a particular focus on areas such as events, video games, stage-related technologies, multimedia, advertising, and the promotion of innovative concepts.<\/p><p>By collaborating with creative enterprises, we provide specialized expertise to stimulate growth, foster innovation, and create unique experiences that captivate consumers and enrich our society. Whether it's offering strategic advice, facilitating business development, or supporting pivotal projects, EquiVantage is committed to guiding its clients in realizing their creative vision and unleashing their entrepreneurial potential.<\/p>\t\t\t\t\t\t\t\t<\/div>\n\t\t\t\t<\/div>\n\t\t\t\t\t<\/div>\n\t\t<\/div>\n\t\t\t\t<div class=\"elementor-column elementor-col-50 elementor-top-column elementor-element elementor-element-29581839\" data-id=\"29581839\" data-element_type=\"column\" data-e-type=\"column\">\n\t\t\t<div class=\"elementor-widget-wrap\">\n\t\t\t\t\t\t\t<\/div>\n\t\t<\/div>\n\t\t\t\t\t<\/div>\n\t\t<\/section>\n\t\t\t\t<section class=\"elementor-section elementor-top-section elementor-element elementor-element-4abf8487 elementor-section-boxed elementor-section-height-default elementor-section-height-default\" data-id=\"4abf8487\" data-element_type=\"section\" data-e-type=\"section\" data-settings=\"{&quot;background_background&quot;:&quot;classic&quot;}\">\n\t\t\t\t\t\t<div class=\"elementor-container elementor-column-gap-default\">\n\t\t\t\t\t<div class=\"elementor-column elementor-col-100 elementor-top-column elementor-element elementor-element-7420be10\" data-id=\"7420be10\" data-element_type=\"column\" data-e-type=\"column\">\n\t\t\t<div class=\"elementor-widget-wrap elementor-element-populated\">\n\t\t\t\t\t\t<div class=\"elementor-element elementor-element-1b3aa8cb elementor-invisible elementor-widget elementor-widget-heading\" data-id=\"1b3aa8cb\" data-element_type=\"widget\" data-e-type=\"widget\" data-settings=\"{&quot;_animation_mobile&quot;:&quot;slideInRight&quot;,&quot;_animation&quot;:&quot;fadeInDown&quot;}\" data-widget_type=\"heading.default\">\n\t\t\t\t<div class=\"elementor-widget-container\">\n\t\t\t\t\t<h2 class=\"elementor-heading-title elementor-size-xl\">HOW CAN WE HELP YOU?<\/h2>\t\t\t\t<\/div>\n\t\t\t\t<\/div>\n\t\t\t\t<div class=\"elementor-element elementor-element-112a567 e-transform elementor-widget elementor-widget-heading\" data-id=\"112a567\" data-element_type=\"widget\" data-e-type=\"widget\" data-settings=\"{&quot;_transform_scale_effect_hover&quot;:{&quot;unit&quot;:&quot;px&quot;,&quot;size&quot;:1.1,&quot;sizes&quot;:[]},&quot;_transform_scale_effect_hover_widescreen&quot;:{&quot;unit&quot;:&quot;px&quot;,&quot;size&quot;:&quot;&quot;,&quot;sizes&quot;:[]},&quot;_transform_scale_effect_hover_laptop&quot;:{&quot;unit&quot;:&quot;px&quot;,&quot;size&quot;:&quot;&quot;,&quot;sizes&quot;:[]},&quot;_transform_scale_effect_hover_tablet&quot;:{&quot;unit&quot;:&quot;px&quot;,&quot;size&quot;:&quot;&quot;,&quot;sizes&quot;:[]},&quot;_transform_scale_effect_hover_mobile&quot;:{&quot;unit&quot;:&quot;px&quot;,&quot;size&quot;:&quot;&quot;,&quot;sizes&quot;:[]}}\" data-widget_type=\"heading.default\">\n\t\t\t\t<div class=\"elementor-widget-container\">\n\t\t\t\t\t<h2 class=\"elementor-heading-title elementor-size-default\"><a href=\"\/en\/contact\/\">CONTACT US<\/a><\/h2>\t\t\t\t<\/div>\n\t\t\t\t<\/div>\n\t\t\t\t\t<\/div>\n\t\t<\/div>\n\t\t\t\t\t<\/div>\n\t\t<\/section>\n\t\t\t\t<\/div>","protected":false},"excerpt":{"rendered":"<p>INDUSTRIES CR\u00c9ATIVES Technologies propres et \u00e9nergie Sciences de la vie Technologies de l&rsquo;information et des communications Transport et mobilit\u00e9 Agroalimentaire et bioalimentaire Industries cr\u00e9atives Les industries cr\u00e9atives occupent une place essentielle dans notre soci\u00e9t\u00e9 moderne, fa\u00e7onnant nos exp\u00e9riences et notre culture \u00e0 travers une multitude de secteurs. EquiVantage s&rsquo;engage \u00e0 soutenir et \u00e0 promouvoir l&rsquo;innovation [&hellip;]<\/p>\n","protected":false},"author":1,"featured_media":401,"parent":82,"menu_order":0,"comment_status":"closed","ping_status":"closed","template":"elementor_header_footer","meta":{"site-sidebar-layout":"no-sidebar","site-content-layout":"","ast-site-content-layout":"full-width-container","site-content-style":"default","site-sidebar-style":"default","ast-global-header-display":"","ast-banner-title-visibility":"","ast-main-header-display":"","ast-hfb-above-header-display":"","ast-hfb-below-header-display":"","ast-hfb-mobile-header-display":"","site-post-title":"disabled","ast-breadcrumbs-content":"","ast-featured-img":"disabled","footer-sml-layout":"","ast-disable-related-posts":"","theme-transparent-header-meta":"default","adv-header-id-meta":"","stick-header-meta":"","header-above-stick-meta":"","header-main-stick-meta":"","header-below-stick-meta":"","astra-migrate-meta-layouts":"set","ast-page-background-enabled":"default","ast-page-background-meta":{"desktop":{"background-color":"var(--ast-global-color-4)","background-image":"","background-repeat":"repeat","background-position":"center center","background-size":"auto","background-attachment":"scroll","background-type":"","background-media":"","overlay-type":"","overlay-color":"","overlay-opacity":"","overlay-gradient":""},"tablet":{"background-color":"","background-image":"","background-repeat":"repeat","background-position":"center center","background-size":"auto","background-attachment":"scroll","background-type":"","background-media":"","overlay-type":"","overlay-color":"","overlay-opacity":"","overlay-gradient":""},"mobile":{"background-color":"","background-image":"","background-repeat":"repeat","background-position":"center center","background-size":"auto","background-attachment":"scroll","background-type":"","background-media":"","overlay-type":"","overlay-color":"","overlay-opacity":"","overlay-gradient":""}},"ast-content-background-meta":{"desktop":{"background-color":"var(--ast-global-color-5)","background-image":"","background-repeat":"repeat","background-position":"center center","background-size":"auto","background-attachment":"scroll","background-type":"","background-media":"","overlay-type":"","overlay-color":"","overlay-opacity":"","overlay-gradient":""},"tablet":{"background-color":"var(--ast-global-color-5)","background-image":"","background-repeat":"repeat","background-position":"center center","background-size":"auto","background-attachment":"scroll","background-type":"","background-media":"","overlay-type":"","overlay-color":"","overlay-opacity":"","overlay-gradient":""},"mobile":{"background-color":"var(--ast-global-color-5)","background-image":"","background-repeat":"repeat","background-position":"center center","background-size":"auto","background-attachment":"scroll","background-type":"","background-media":"","overlay-type":"","overlay-color":"","overlay-opacity":"","overlay-gradient":""}},"footnotes":""},"class_list":["post-37","page","type-page","status-publish","has-post-thumbnail","hentry"],"yoast_head":"<!-- This site is optimized with the Yoast SEO plugin v27.4 - https:\/\/yoast.com\/product\/yoast-seo-wordpress\/ -->\n<title>Industries cr\u00e9atives - EquiVantage Solutions<\/title>\n<meta name=\"robots\" content=\"index, follow, max-snippet:-1, max-image-preview:large, max-video-preview:-1\" \/>\n<link rel=\"canonical\" href=\"https:\/\/eqvtg.com\/en\/accueil\/industries\/industries-creatives\/\" \/>\n<meta property=\"og:locale\" content=\"en_US\" \/>\n<meta property=\"og:type\" content=\"article\" \/>\n<meta property=\"og:title\" content=\"Industries cr\u00e9atives - EquiVantage Solutions\" \/>\n<meta property=\"og:description\" content=\"INDUSTRIES CR\u00c9ATIVES Technologies propres et \u00e9nergie Sciences de la vie Technologies de l&rsquo;information et des communications Transport et mobilit\u00e9 Agroalimentaire et bioalimentaire Industries cr\u00e9atives Les industries cr\u00e9atives occupent une place essentielle dans notre soci\u00e9t\u00e9 moderne, fa\u00e7onnant nos exp\u00e9riences et notre culture \u00e0 travers une multitude de secteurs. EquiVantage s&rsquo;engage \u00e0 soutenir et \u00e0 promouvoir l&rsquo;innovation [&hellip;]\" \/>\n<meta property=\"og:url\" content=\"https:\/\/eqvtg.com\/en\/accueil\/industries\/industries-creatives\/\" \/>\n<meta property=\"og:site_name\" content=\"EquiVantage Solutions\" \/>\n<meta property=\"article:modified_time\" content=\"2026-04-02T16:09:56+00:00\" \/>\n<meta property=\"og:image\" content=\"https:\/\/eqvtg.com\/wp-content\/uploads\/2024\/06\/9-e1717423268309.png\" \/>\n\t<meta property=\"og:image:width\" content=\"940\" \/>\n\t<meta property=\"og:image:height\" content=\"637\" \/>\n\t<meta property=\"og:image:type\" content=\"image\/png\" \/>\n<meta name=\"twitter:card\" content=\"summary_large_image\" \/>\n<meta name=\"twitter:label1\" content=\"Est. reading time\" \/>\n\t<meta name=\"twitter:data1\" content=\"2 minutes\" \/>\n<script type=\"application\/ld+json\" class=\"yoast-schema-graph\">{\"@context\":\"https:\\\/\\\/schema.org\",\"@graph\":[{\"@type\":\"WebPage\",\"@id\":\"https:\\\/\\\/eqvtg.com\\\/accueil\\\/industries\\\/industries-creatives\\\/\",\"url\":\"https:\\\/\\\/eqvtg.com\\\/accueil\\\/industries\\\/industries-creatives\\\/\",\"name\":\"Industries cr\u00e9atives - EquiVantage Solutions\",\"isPartOf\":{\"@id\":\"https:\\\/\\\/eqvtg.com\\\/#website\"},\"primaryImageOfPage\":{\"@id\":\"https:\\\/\\\/eqvtg.com\\\/accueil\\\/industries\\\/industries-creatives\\\/#primaryimage\"},\"image\":{\"@id\":\"https:\\\/\\\/eqvtg.com\\\/accueil\\\/industries\\\/industries-creatives\\\/#primaryimage\"},\"thumbnailUrl\":\"https:\\\/\\\/eqvtg.com\\\/wp-content\\\/uploads\\\/2024\\\/06\\\/9-e1717423268309.png\",\"datePublished\":\"2024-06-02T23:56:25+00:00\",\"dateModified\":\"2026-04-02T16:09:56+00:00\",\"breadcrumb\":{\"@id\":\"https:\\\/\\\/eqvtg.com\\\/accueil\\\/industries\\\/industries-creatives\\\/#breadcrumb\"},\"inLanguage\":\"en-US\",\"potentialAction\":[{\"@type\":\"ReadAction\",\"target\":[\"https:\\\/\\\/eqvtg.com\\\/accueil\\\/industries\\\/industries-creatives\\\/\"]}]},{\"@type\":\"ImageObject\",\"inLanguage\":\"en-US\",\"@id\":\"https:\\\/\\\/eqvtg.com\\\/accueil\\\/industries\\\/industries-creatives\\\/#primaryimage\",\"url\":\"https:\\\/\\\/eqvtg.com\\\/wp-content\\\/uploads\\\/2024\\\/06\\\/9-e1717423268309.png\",\"contentUrl\":\"https:\\\/\\\/eqvtg.com\\\/wp-content\\\/uploads\\\/2024\\\/06\\\/9-e1717423268309.png\",\"width\":940,\"height\":637,\"caption\":\"Industries cr\u00e9atives\"},{\"@type\":\"BreadcrumbList\",\"@id\":\"https:\\\/\\\/eqvtg.com\\\/accueil\\\/industries\\\/industries-creatives\\\/#breadcrumb\",\"itemListElement\":[{\"@type\":\"ListItem\",\"position\":1,\"name\":\"Accueil\",\"item\":\"https:\\\/\\\/eqvtg.com\\\/\"},{\"@type\":\"ListItem\",\"position\":2,\"name\":\"Accueil\",\"item\":\"https:\\\/\\\/eqvtg.com\\\/\"},{\"@type\":\"ListItem\",\"position\":3,\"name\":\"Industries\",\"item\":\"https:\\\/\\\/eqvtg.com\\\/accueil\\\/industries\\\/\"},{\"@type\":\"ListItem\",\"position\":4,\"name\":\"Industries cr\u00e9atives\"}]},{\"@type\":\"WebSite\",\"@id\":\"https:\\\/\\\/eqvtg.com\\\/#website\",\"url\":\"https:\\\/\\\/eqvtg.com\\\/\",\"name\":\"EquiVantage Solutions\",\"description\":\"Votre partenaire strat\u00e9gique de croissance\",\"publisher\":{\"@id\":\"https:\\\/\\\/eqvtg.com\\\/#organization\"},\"potentialAction\":[{\"@type\":\"SearchAction\",\"target\":{\"@type\":\"EntryPoint\",\"urlTemplate\":\"https:\\\/\\\/eqvtg.com\\\/?s={search_term_string}\"},\"query-input\":{\"@type\":\"PropertyValueSpecification\",\"valueRequired\":true,\"valueName\":\"search_term_string\"}}],\"inLanguage\":\"en-US\"},{\"@type\":\"Organization\",\"@id\":\"https:\\\/\\\/eqvtg.com\\\/#organization\",\"name\":\"EquiVantage Solutions\",\"url\":\"https:\\\/\\\/eqvtg.com\\\/\",\"logo\":{\"@type\":\"ImageObject\",\"inLanguage\":\"en-US\",\"@id\":\"https:\\\/\\\/eqvtg.com\\\/#\\\/schema\\\/logo\\\/image\\\/\",\"url\":\"https:\\\/\\\/eqvtg.com\\\/wp-content\\\/uploads\\\/2024\\\/06\\\/Color-logo-with-background.png\",\"contentUrl\":\"https:\\\/\\\/eqvtg.com\\\/wp-content\\\/uploads\\\/2024\\\/06\\\/Color-logo-with-background.png\",\"width\":3163,\"height\":806,\"caption\":\"EquiVantage Solutions\"},\"image\":{\"@id\":\"https:\\\/\\\/eqvtg.com\\\/#\\\/schema\\\/logo\\\/image\\\/\"},\"sameAs\":[\"https:\\\/\\\/www.linkedin.com\\\/company\\\/equivantage-solutions\\\/\"]}]}<\/script>\n<!-- \/ Yoast SEO plugin. -->","yoast_head_json":{"title":"Industries cr\u00e9atives - EquiVantage Solutions","robots":{"index":"index","follow":"follow","max-snippet":"max-snippet:-1","max-image-preview":"max-image-preview:large","max-video-preview":"max-video-preview:-1"},"canonical":"https:\/\/eqvtg.com\/en\/accueil\/industries\/industries-creatives\/","og_locale":"en_US","og_type":"article","og_title":"Industries cr\u00e9atives - EquiVantage Solutions","og_description":"INDUSTRIES CR\u00c9ATIVES Technologies propres et \u00e9nergie Sciences de la vie Technologies de l&rsquo;information et des communications Transport et mobilit\u00e9 Agroalimentaire et bioalimentaire Industries cr\u00e9atives Les industries cr\u00e9atives occupent une place essentielle dans notre soci\u00e9t\u00e9 moderne, fa\u00e7onnant nos exp\u00e9riences et notre culture \u00e0 travers une multitude de secteurs. EquiVantage s&rsquo;engage \u00e0 soutenir et \u00e0 promouvoir l&rsquo;innovation [&hellip;]","og_url":"https:\/\/eqvtg.com\/en\/accueil\/industries\/industries-creatives\/","og_site_name":"EquiVantage Solutions","article_modified_time":"2026-04-02T16:09:56+00:00","og_image":[{"width":940,"height":637,"url":"https:\/\/eqvtg.com\/wp-content\/uploads\/2024\/06\/9-e1717423268309.png","type":"image\/png"}],"twitter_card":"summary_large_image","twitter_misc":{"Est. reading time":"2 minutes"},"schema":{"@context":"https:\/\/schema.org","@graph":[{"@type":"WebPage","@id":"https:\/\/eqvtg.com\/accueil\/industries\/industries-creatives\/","url":"https:\/\/eqvtg.com\/accueil\/industries\/industries-creatives\/","name":"Industries cr\u00e9atives - EquiVantage Solutions","isPartOf":{"@id":"https:\/\/eqvtg.com\/#website"},"primaryImageOfPage":{"@id":"https:\/\/eqvtg.com\/accueil\/industries\/industries-creatives\/#primaryimage"},"image":{"@id":"https:\/\/eqvtg.com\/accueil\/industries\/industries-creatives\/#primaryimage"},"thumbnailUrl":"https:\/\/eqvtg.com\/wp-content\/uploads\/2024\/06\/9-e1717423268309.png","datePublished":"2024-06-02T23:56:25+00:00","dateModified":"2026-04-02T16:09:56+00:00","breadcrumb":{"@id":"https:\/\/eqvtg.com\/accueil\/industries\/industries-creatives\/#breadcrumb"},"inLanguage":"en-US","potentialAction":[{"@type":"ReadAction","target":["https:\/\/eqvtg.com\/accueil\/industries\/industries-creatives\/"]}]},{"@type":"ImageObject","inLanguage":"en-US","@id":"https:\/\/eqvtg.com\/accueil\/industries\/industries-creatives\/#primaryimage","url":"https:\/\/eqvtg.com\/wp-content\/uploads\/2024\/06\/9-e1717423268309.png","contentUrl":"https:\/\/eqvtg.com\/wp-content\/uploads\/2024\/06\/9-e1717423268309.png","width":940,"height":637,"caption":"Industries cr\u00e9atives"},{"@type":"BreadcrumbList","@id":"https:\/\/eqvtg.com\/accueil\/industries\/industries-creatives\/#breadcrumb","itemListElement":[{"@type":"ListItem","position":1,"name":"Accueil","item":"https:\/\/eqvtg.com\/"},{"@type":"ListItem","position":2,"name":"Accueil","item":"https:\/\/eqvtg.com\/"},{"@type":"ListItem","position":3,"name":"Industries","item":"https:\/\/eqvtg.com\/accueil\/industries\/"},{"@type":"ListItem","position":4,"name":"Industries cr\u00e9atives"}]},{"@type":"WebSite","@id":"https:\/\/eqvtg.com\/#website","url":"https:\/\/eqvtg.com\/","name":"EquiVantage Solutions","description":"Votre partenaire strat\u00e9gique de croissance","publisher":{"@id":"https:\/\/eqvtg.com\/#organization"},"potentialAction":[{"@type":"SearchAction","target":{"@type":"EntryPoint","urlTemplate":"https:\/\/eqvtg.com\/?s={search_term_string}"},"query-input":{"@type":"PropertyValueSpecification","valueRequired":true,"valueName":"search_term_string"}}],"inLanguage":"en-US"},{"@type":"Organization","@id":"https:\/\/eqvtg.com\/#organization","name":"EquiVantage Solutions","url":"https:\/\/eqvtg.com\/","logo":{"@type":"ImageObject","inLanguage":"en-US","@id":"https:\/\/eqvtg.com\/#\/schema\/logo\/image\/","url":"https:\/\/eqvtg.com\/wp-content\/uploads\/2024\/06\/Color-logo-with-background.png","contentUrl":"https:\/\/eqvtg.com\/wp-content\/uploads\/2024\/06\/Color-logo-with-background.png","width":3163,"height":806,"caption":"EquiVantage Solutions"},"image":{"@id":"https:\/\/eqvtg.com\/#\/schema\/logo\/image\/"},"sameAs":["https:\/\/www.linkedin.com\/company\/equivantage-solutions\/"]}]}},"_links":{"self":[{"href":"https:\/\/eqvtg.com\/en\/wp-json\/wp\/v2\/pages\/37","targetHints":{"allow":["GET"]}}],"collection":[{"href":"https:\/\/eqvtg.com\/en\/wp-json\/wp\/v2\/pages"}],"about":[{"href":"https:\/\/eqvtg.com\/en\/wp-json\/wp\/v2\/types\/page"}],"author":[{"embeddable":true,"href":"https:\/\/eqvtg.com\/en\/wp-json\/wp\/v2\/users\/1"}],"replies":[{"embeddable":true,"href":"https:\/\/eqvtg.com\/en\/wp-json\/wp\/v2\/comments?post=37"}],"version-history":[{"count":16,"href":"https:\/\/eqvtg.com\/en\/wp-json\/wp\/v2\/pages\/37\/revisions"}],"predecessor-version":[{"id":1692,"href":"https:\/\/eqvtg.com\/en\/wp-json\/wp\/v2\/pages\/37\/revisions\/1692"}],"up":[{"embeddable":true,"href":"https:\/\/eqvtg.com\/en\/wp-json\/wp\/v2\/pages\/82"}],"wp:featuredmedia":[{"embeddable":true,"href":"https:\/\/eqvtg.com\/en\/wp-json\/wp\/v2\/media\/401"}],"wp:attachment":[{"href":"https:\/\/eqvtg.com\/en\/wp-json\/wp\/v2\/media?parent=37"}],"curies":[{"name":"wp","href":"https:\/\/api.w.org\/{rel}","templated":true}]}}