{"id":1548,"date":"2025-11-05T16:40:43","date_gmt":"2025-11-05T20:40:43","guid":{"rendered":"https:\/\/eqvtg.com\/?page_id=1548"},"modified":"2026-04-02T15:44:23","modified_gmt":"2026-04-02T19:44:23","slug":"kelvin-mo","status":"publish","type":"page","link":"https:\/\/eqvtg.com\/en\/accueil\/a-propos\/kelvin-mo\/","title":{"rendered":"Kelvin Mo"},"content":{"rendered":"<div data-elementor-type=\"wp-page\" data-elementor-id=\"1548\" class=\"elementor elementor-1548\" data-elementor-post-type=\"page\">\n\t\t\t\t\t\t<section class=\"elementor-section elementor-top-section elementor-element elementor-element-1f73d5d6 elementor-section-boxed elementor-section-height-default elementor-section-height-default\" data-id=\"1f73d5d6\" data-element_type=\"section\" data-e-type=\"section\">\n\t\t\t\t\t\t<div class=\"elementor-container elementor-column-gap-default\">\n\t\t\t\t\t<div class=\"elementor-column elementor-col-100 elementor-top-column elementor-element elementor-element-4a72a2d1\" data-id=\"4a72a2d1\" data-element_type=\"column\" data-e-type=\"column\">\n\t\t\t<div class=\"elementor-widget-wrap\">\n\t\t\t\t\t\t\t<\/div>\n\t\t<\/div>\n\t\t\t\t\t<\/div>\n\t\t<\/section>\n\t\t\t\t<section class=\"elementor-section elementor-top-section elementor-element elementor-element-6ce2c41b elementor-section-boxed elementor-section-height-default elementor-section-height-default\" data-id=\"6ce2c41b\" data-element_type=\"section\" data-e-type=\"section\">\n\t\t\t\t\t\t<div class=\"elementor-container elementor-column-gap-default\">\n\t\t\t\t\t<div class=\"elementor-column elementor-col-50 elementor-top-column elementor-element elementor-element-47e93f23\" data-id=\"47e93f23\" data-element_type=\"column\" data-e-type=\"column\">\n\t\t\t<div class=\"elementor-widget-wrap elementor-element-populated\">\n\t\t\t\t\t\t<div class=\"elementor-element elementor-element-421e7654 elementor-widget elementor-widget-image\" data-id=\"421e7654\" data-element_type=\"widget\" data-e-type=\"widget\" data-widget_type=\"image.default\">\n\t\t\t\t<div class=\"elementor-widget-container\">\n\t\t\t\t\t\t\t\t\t\t\t\t\t\t\t<img fetchpriority=\"high\" decoding=\"async\" width=\"996\" height=\"1024\" src=\"https:\/\/eqvtg.com\/wp-content\/uploads\/2025\/11\/Kelvin-Mo-e1762486644245-996x1024.jpg\" class=\"attachment-large size-large wp-image-1549\" alt=\"Kelvin Mo\" srcset=\"https:\/\/eqvtg.com\/wp-content\/uploads\/2025\/11\/Kelvin-Mo-e1762486644245-996x1024.jpg 996w, https:\/\/eqvtg.com\/wp-content\/uploads\/2025\/11\/Kelvin-Mo-e1762486644245-292x300.jpg 292w, https:\/\/eqvtg.com\/wp-content\/uploads\/2025\/11\/Kelvin-Mo-e1762486644245-768x790.jpg 768w, https:\/\/eqvtg.com\/wp-content\/uploads\/2025\/11\/Kelvin-Mo-e1762486644245-12x12.jpg 12w, https:\/\/eqvtg.com\/wp-content\/uploads\/2025\/11\/Kelvin-Mo-e1762486644245.jpg 1050w\" sizes=\"(max-width: 996px) 100vw, 996px\" \/>\t\t\t\t\t\t\t\t\t\t\t\t\t\t\t<\/div>\n\t\t\t\t<\/div>\n\t\t\t\t<div class=\"elementor-element elementor-element-6e26e0a8 elementor-widget__width-auto elementor-widget elementor-widget-heading\" data-id=\"6e26e0a8\" data-element_type=\"widget\" data-e-type=\"widget\" data-widget_type=\"heading.default\">\n\t\t\t\t<div class=\"elementor-widget-container\">\n\t\t\t\t\t<h2 class=\"elementor-heading-title elementor-size-default\">Kelvin Mo<\/h2>\t\t\t\t<\/div>\n\t\t\t\t<\/div>\n\t\t\t\t<div class=\"elementor-element elementor-element-475a308e elementor-widget__width-auto e-transform elementor-view-default elementor-widget elementor-widget-icon\" data-id=\"475a308e\" data-element_type=\"widget\" data-e-type=\"widget\" data-settings=\"{&quot;_transform_scale_effect_hover&quot;:{&quot;unit&quot;:&quot;px&quot;,&quot;size&quot;:1.02,&quot;sizes&quot;:[]},&quot;_transform_scale_effect_hover_widescreen&quot;:{&quot;unit&quot;:&quot;px&quot;,&quot;size&quot;:&quot;&quot;,&quot;sizes&quot;:[]},&quot;_transform_scale_effect_hover_laptop&quot;:{&quot;unit&quot;:&quot;px&quot;,&quot;size&quot;:&quot;&quot;,&quot;sizes&quot;:[]},&quot;_transform_scale_effect_hover_tablet&quot;:{&quot;unit&quot;:&quot;px&quot;,&quot;size&quot;:&quot;&quot;,&quot;sizes&quot;:[]},&quot;_transform_scale_effect_hover_mobile&quot;:{&quot;unit&quot;:&quot;px&quot;,&quot;size&quot;:&quot;&quot;,&quot;sizes&quot;:[]}}\" data-widget_type=\"icon.default\">\n\t\t\t\t<div class=\"elementor-widget-container\">\n\t\t\t\t\t\t\t<div class=\"elementor-icon-wrapper\">\n\t\t\t<a class=\"elementor-icon\" href=\"https:\/\/www.linkedin.com\/in\/kelvin-k-mo-rn-emba-asc-c-dir-b2478b2\/\">\n\t\t\t<svg aria-hidden=\"true\" class=\"e-font-icon-svg e-fab-linkedin\" viewbox=\"0 0 448 512\" xmlns=\"http:\/\/www.w3.org\/2000\/svg\"><path d=\"M416 32H31.9C14.3 32 0 46.5 0 64.3v383.4C0 465.5 14.3 480 31.9 480H416c17.6 0 32-14.5 32-32.3V64.3c0-17.8-14.4-32.3-32-32.3zM135.4 416H69V202.2h66.5V416zm-33.2-243c-21.3 0-38.5-17.3-38.5-38.5S80.9 96 102.2 96c21.2 0 38.5 17.3 38.5 38.5 0 21.3-17.2 38.5-38.5 38.5zm282.1 243h-66.4V312c0-24.8-.5-56.7-34.5-56.7-34.6 0-39.9 27-39.9 54.9V416h-66.4V202.2h63.7v29.2h.9c8.9-16.8 30.6-34.5 62.9-34.5 67.2 0 79.7 44.3 79.7 101.9V416z\"><\/path><\/svg>\t\t\t<\/a>\n\t\t<\/div>\n\t\t\t\t\t\t<\/div>\n\t\t\t\t<\/div>\n\t\t\t\t<div class=\"elementor-element elementor-element-15fbc398 elementor-widget elementor-widget-text-editor\" data-id=\"15fbc398\" data-element_type=\"widget\" data-e-type=\"widget\" data-widget_type=\"text-editor.default\">\n\t\t\t\t<div class=\"elementor-widget-container\">\n\t\t\t\t\t\t\t\t\t<p><span style=\"font-style: inherit; font-weight: inherit;\">COO, Expert Strategist in Corporate Growth and Funding and B2B and B2B Commercialisation<\/span><\/p>\n<p><span style=\"font-style: inherit; font-weight: inherit;\">kmo@eqvtg.com<\/span><\/p>\t\t\t\t\t\t\t\t<\/div>\n\t\t\t\t<\/div>\n\t\t\t\t<div class=\"elementor-element elementor-element-798129d7 elementor-widget elementor-widget-heading\" data-id=\"798129d7\" data-element_type=\"widget\" data-e-type=\"widget\" data-widget_type=\"heading.default\">\n\t\t\t\t<div class=\"elementor-widget-container\">\n\t\t\t\t\t<h2 class=\"elementor-heading-title elementor-size-default\">EDUCATION<\/h2>\t\t\t\t<\/div>\n\t\t\t\t<\/div>\n\t\t\t\t<div class=\"elementor-element elementor-element-54b0344c elementor-widget elementor-widget-text-editor\" data-id=\"54b0344c\" data-element_type=\"widget\" data-e-type=\"widget\" data-widget_type=\"text-editor.default\">\n\t\t\t\t<div class=\"elementor-widget-container\">\n\t\t\t\t\t\t\t\t\t<p data-start=\"84\" data-end=\"147\"><span style=\"font-style: inherit; font-weight: inherit;\">Executive MBA, ASC, C. Dir., B. Sc. S.<\/span><\/p>\t\t\t\t\t\t\t\t<\/div>\n\t\t\t\t<\/div>\n\t\t\t\t<div class=\"elementor-element elementor-element-6057230b elementor-widget elementor-widget-heading\" data-id=\"6057230b\" data-element_type=\"widget\" data-e-type=\"widget\" data-widget_type=\"heading.default\">\n\t\t\t\t<div class=\"elementor-widget-container\">\n\t\t\t\t\t<h2 class=\"elementor-heading-title elementor-size-default\">AREAS OF EXPERTISE\n<\/h2>\t\t\t\t<\/div>\n\t\t\t\t<\/div>\n\t\t\t\t<div class=\"elementor-element elementor-element-35affeb2 elementor-widget elementor-widget-text-editor\" data-id=\"35affeb2\" data-element_type=\"widget\" data-e-type=\"widget\" data-widget_type=\"text-editor.default\">\n\t\t\t\t<div class=\"elementor-widget-container\">\n\t\t\t\t\t\t\t\t\t<ul><li><span style=\"font-style: inherit;\">Business Development and Strategy<\/span><\/li><li><span style=\"font-style: inherit;\">Organizational Leadership and Governance<\/span><\/li><li><span style=\"font-style: inherit;\">Internationalization and partnerships<\/span><\/li><li><span style=\"font-style: inherit;\">Strategic support for SMEs and non-profit organizations<\/span><\/li><\/ul>\t\t\t\t\t\t\t\t<\/div>\n\t\t\t\t<\/div>\n\t\t\t\t\t<\/div>\n\t\t<\/div>\n\t\t\t\t<div class=\"elementor-column elementor-col-50 elementor-top-column elementor-element elementor-element-457632e6\" data-id=\"457632e6\" data-element_type=\"column\" data-e-type=\"column\">\n\t\t\t<div class=\"elementor-widget-wrap elementor-element-populated\">\n\t\t\t\t\t\t<div class=\"elementor-element elementor-element-80ffec2 elementor-widget__width-initial elementor-widget elementor-widget-text-editor\" data-id=\"80ffec2\" data-element_type=\"widget\" data-e-type=\"widget\" data-widget_type=\"text-editor.default\">\n\t\t\t\t<div class=\"elementor-widget-container\">\n\t\t\t\t\t\t\t\t\t<p><span style=\"font-style: inherit; font-weight: inherit; font-family: Lato, sans-serif; background-color: #ffffff;\">Mr. Mo is an expert strategist in international business growth (particularly in Asia) and an experienced businessman, embodying the alliance between strategic expertise and entrepreneurial spirit. He founded and led two successful companies: Groupe Service Sant\u00e9 Globale Inc. (2008) and BCMMO Inc. (2013), providing services to a diverse clientele of small and medium-sized enterprises, both in Canada and internationally. Born in Cambodia and having immigrated to Canada at a young age, Mr. Mo holds an Executive MBA and a graduate diploma in applied ergonomics from UQAM, a Bachelor of Science in Health Sciences, and a certificate in occupational health and safety from the University of Montreal. He also pursued graduate studies in China in the fields of business and marketing, as well as specialized training in Chinese economic development at Peking University in 2013, followed by an economics and leadership program in Taiwan in 2024.<\/span><\/p>\n<p>Furthermore, Mr. Mo is the president of the following organizations:<\/p>\n<ul>\n<li><span style=\"font-style: inherit;\">Asia-Pacific Association for Small and Medium Enterprises (APASME)<\/span><\/li>\n<li><span style=\"font-style: inherit;\">Canada China SME<\/span><\/li>\n<li><span style=\"font-style: inherit;\">Montreal Cambodian Chamber of Commerce<\/span><\/li>\n<li><span style=\"font-style: inherit;\">Saint-Laurent - Mont-Royal Chamber of Commerce and Industry<\/span><\/li>\n<\/ul>\n<p>In addition, since 2024, Mr. Mo has also held two prestigious governance certifications:<\/p>\n<ul>\n<li><span style=\"font-style: inherit;\">Administrateur de soci\u00e9t\u00e9s certifi\u00e9 (ASC)&nbsp;\u2013 Coll\u00e8ge des administrateurs de soci\u00e9t\u00e9s de l\u2019Universit\u00e9 Laval ;<\/span><\/li>\n<li><span style=\"font-style: inherit;\">Chartered Director (C.Dir.)\u00a0\u2013 The Directors College, affiliated with the McMaster University.<\/span><\/li><\/ul>\t\t\t\t\t\t\t\t<\/div>\n\t\t\t\t<\/div>\n\t\t\t\t\t<\/div>\n\t\t<\/div>\n\t\t\t\t\t<\/div>\n\t\t<\/section>\n\t\t\t\t<section class=\"elementor-section elementor-top-section elementor-element elementor-element-6270196a elementor-section-boxed elementor-section-height-default elementor-section-height-default\" data-id=\"6270196a\" data-element_type=\"section\" data-e-type=\"section\" data-settings=\"{&quot;background_background&quot;:&quot;classic&quot;}\">\n\t\t\t\t\t\t<div class=\"elementor-container elementor-column-gap-default\">\n\t\t\t\t\t<div class=\"elementor-column elementor-col-100 elementor-top-column elementor-element elementor-element-5db8457a\" data-id=\"5db8457a\" data-element_type=\"column\" data-e-type=\"column\">\n\t\t\t<div class=\"elementor-widget-wrap elementor-element-populated\">\n\t\t\t\t\t\t<div class=\"elementor-element elementor-element-983077f elementor-invisible elementor-widget elementor-widget-heading\" data-id=\"983077f\" data-element_type=\"widget\" data-e-type=\"widget\" data-settings=\"{&quot;_animation_mobile&quot;:&quot;slideInRight&quot;,&quot;_animation&quot;:&quot;fadeInDown&quot;}\" data-widget_type=\"heading.default\">\n\t\t\t\t<div class=\"elementor-widget-container\">\n\t\t\t\t\t<h2 class=\"elementor-heading-title elementor-size-xl\">HOW CAN WE HELP YOU?<\/h2>\t\t\t\t<\/div>\n\t\t\t\t<\/div>\n\t\t\t\t<div class=\"elementor-element elementor-element-250181f5 e-transform elementor-widget elementor-widget-heading\" data-id=\"250181f5\" data-element_type=\"widget\" data-e-type=\"widget\" data-settings=\"{&quot;_transform_scale_effect_hover&quot;:{&quot;unit&quot;:&quot;px&quot;,&quot;size&quot;:1.1,&quot;sizes&quot;:[]},&quot;_transform_scale_effect_hover_widescreen&quot;:{&quot;unit&quot;:&quot;px&quot;,&quot;size&quot;:&quot;&quot;,&quot;sizes&quot;:[]},&quot;_transform_scale_effect_hover_laptop&quot;:{&quot;unit&quot;:&quot;px&quot;,&quot;size&quot;:&quot;&quot;,&quot;sizes&quot;:[]},&quot;_transform_scale_effect_hover_tablet&quot;:{&quot;unit&quot;:&quot;px&quot;,&quot;size&quot;:&quot;&quot;,&quot;sizes&quot;:[]},&quot;_transform_scale_effect_hover_mobile&quot;:{&quot;unit&quot;:&quot;px&quot;,&quot;size&quot;:&quot;&quot;,&quot;sizes&quot;:[]}}\" data-widget_type=\"heading.default\">\n\t\t\t\t<div class=\"elementor-widget-container\">\n\t\t\t\t\t<h2 class=\"elementor-heading-title elementor-size-default\"><a href=\"https:\/\/eqvtg.com\/en\/contact\/\">CONTACT US<\/a><\/h2>\t\t\t\t<\/div>\n\t\t\t\t<\/div>\n\t\t\t\t\t<\/div>\n\t\t<\/div>\n\t\t\t\t\t<\/div>\n\t\t<\/section>\n\t\t\t\t<\/div>","protected":false},"excerpt":{"rendered":"<p>Kelvin Mo Vice-pr\u00e9sident op\u00e9rations, strat\u00e8ge expert en croissance et financement d&rsquo;entreprises et en commercialisation B2B et B2G kmo@eqvtg.com \u00c9DUCATION Executive MBA, ASC, C. Dir., B. Sc. S. CHAMPS D&rsquo;EXPERTISE Strat\u00e9gie et d\u00e9veloppement d&rsquo;entreprises Gouvernance et leadership organisationnel Internationalisation et partenariats Accompagnement strat\u00e9gique de PME et des ONBL Monsieur Mo est strat\u00e8ge expert en croissance d&rsquo;entreprise [&hellip;]<\/p>\n","protected":false},"author":1,"featured_media":1549,"parent":222,"menu_order":0,"comment_status":"closed","ping_status":"closed","template":"elementor_header_footer","meta":{"site-sidebar-layout":"no-sidebar","site-content-layout":"","ast-site-content-layout":"full-width-container","site-content-style":"default","site-sidebar-style":"default","ast-global-header-display":"","ast-banner-title-visibility":"","ast-main-header-display":"","ast-hfb-above-header-display":"","ast-hfb-below-header-display":"","ast-hfb-mobile-header-display":"","site-post-title":"disabled","ast-breadcrumbs-content":"","ast-featured-img":"disabled","footer-sml-layout":"","ast-disable-related-posts":"","theme-transparent-header-meta":"default","adv-header-id-meta":"","stick-header-meta":"","header-above-stick-meta":"","header-main-stick-meta":"","header-below-stick-meta":"","astra-migrate-meta-layouts":"set","ast-page-background-enabled":"default","ast-page-background-meta":{"desktop":{"background-color":"var(--ast-global-color-4)","background-image":"","background-repeat":"repeat","background-position":"center center","background-size":"auto","background-attachment":"scroll","background-type":"","background-media":"","overlay-type":"","overlay-color":"","overlay-opacity":"","overlay-gradient":""},"tablet":{"background-color":"","background-image":"","background-repeat":"repeat","background-position":"center center","background-size":"auto","background-attachment":"scroll","background-type":"","background-media":"","overlay-type":"","overlay-color":"","overlay-opacity":"","overlay-gradient":""},"mobile":{"background-color":"","background-image":"","background-repeat":"repeat","background-position":"center center","background-size":"auto","background-attachment":"scroll","background-type":"","background-media":"","overlay-type":"","overlay-color":"","overlay-opacity":"","overlay-gradient":""}},"ast-content-background-meta":{"desktop":{"background-color":"var(--ast-global-color-5)","background-image":"","background-repeat":"repeat","background-position":"center center","background-size":"auto","background-attachment":"scroll","background-type":"","background-media":"","overlay-type":"","overlay-color":"","overlay-opacity":"","overlay-gradient":""},"tablet":{"background-color":"var(--ast-global-color-5)","background-image":"","background-repeat":"repeat","background-position":"center center","background-size":"auto","background-attachment":"scroll","background-type":"","background-media":"","overlay-type":"","overlay-color":"","overlay-opacity":"","overlay-gradient":""},"mobile":{"background-color":"var(--ast-global-color-5)","background-image":"","background-repeat":"repeat","background-position":"center center","background-size":"auto","background-attachment":"scroll","background-type":"","background-media":"","overlay-type":"","overlay-color":"","overlay-opacity":"","overlay-gradient":""}},"footnotes":""},"class_list":["post-1548","page","type-page","status-publish","has-post-thumbnail","hentry"],"yoast_head":"<!-- This site is optimized with the Yoast SEO plugin v27.4 - https:\/\/yoast.com\/product\/yoast-seo-wordpress\/ -->\n<title>Kelvin Mo - EquiVantage Solutions<\/title>\n<meta name=\"robots\" content=\"index, follow, max-snippet:-1, max-image-preview:large, max-video-preview:-1\" \/>\n<link rel=\"canonical\" href=\"https:\/\/eqvtg.com\/en\/accueil\/a-propos\/kelvin-mo\/\" \/>\n<meta property=\"og:locale\" content=\"en_US\" \/>\n<meta property=\"og:type\" content=\"article\" \/>\n<meta property=\"og:title\" content=\"Kelvin Mo - EquiVantage Solutions\" \/>\n<meta property=\"og:description\" content=\"Kelvin Mo Vice-pr\u00e9sident op\u00e9rations, strat\u00e8ge expert en croissance et financement d&rsquo;entreprises et en commercialisation B2B et B2G kmo@eqvtg.com \u00c9DUCATION Executive MBA, ASC, C. Dir., B. Sc. S. CHAMPS D&rsquo;EXPERTISE Strat\u00e9gie et d\u00e9veloppement d&rsquo;entreprises Gouvernance et leadership organisationnel Internationalisation et partenariats Accompagnement strat\u00e9gique de PME et des ONBL Monsieur Mo est strat\u00e8ge expert en croissance d&rsquo;entreprise [&hellip;]\" \/>\n<meta property=\"og:url\" content=\"https:\/\/eqvtg.com\/en\/accueil\/a-propos\/kelvin-mo\/\" \/>\n<meta property=\"og:site_name\" content=\"EquiVantage Solutions\" \/>\n<meta property=\"article:modified_time\" content=\"2026-04-02T19:44:23+00:00\" \/>\n<meta property=\"og:image\" content=\"https:\/\/eqvtg.com\/wp-content\/uploads\/2025\/11\/Kelvin-Mo-e1762486644245.jpg\" \/>\n\t<meta property=\"og:image:width\" content=\"1050\" \/>\n\t<meta property=\"og:image:height\" content=\"1080\" \/>\n\t<meta property=\"og:image:type\" content=\"image\/jpeg\" \/>\n<meta name=\"twitter:card\" content=\"summary_large_image\" \/>\n<meta name=\"twitter:label1\" content=\"Est. reading time\" \/>\n\t<meta name=\"twitter:data1\" content=\"2 minutes\" \/>\n<script type=\"application\/ld+json\" class=\"yoast-schema-graph\">{\"@context\":\"https:\\\/\\\/schema.org\",\"@graph\":[{\"@type\":\"WebPage\",\"@id\":\"https:\\\/\\\/eqvtg.com\\\/accueil\\\/a-propos\\\/kelvin-mo\\\/\",\"url\":\"https:\\\/\\\/eqvtg.com\\\/accueil\\\/a-propos\\\/kelvin-mo\\\/\",\"name\":\"Kelvin Mo - EquiVantage Solutions\",\"isPartOf\":{\"@id\":\"https:\\\/\\\/eqvtg.com\\\/#website\"},\"primaryImageOfPage\":{\"@id\":\"https:\\\/\\\/eqvtg.com\\\/accueil\\\/a-propos\\\/kelvin-mo\\\/#primaryimage\"},\"image\":{\"@id\":\"https:\\\/\\\/eqvtg.com\\\/accueil\\\/a-propos\\\/kelvin-mo\\\/#primaryimage\"},\"thumbnailUrl\":\"https:\\\/\\\/eqvtg.com\\\/wp-content\\\/uploads\\\/2025\\\/11\\\/Kelvin-Mo-e1762486644245.jpg\",\"datePublished\":\"2025-11-05T20:40:43+00:00\",\"dateModified\":\"2026-04-02T19:44:23+00:00\",\"breadcrumb\":{\"@id\":\"https:\\\/\\\/eqvtg.com\\\/accueil\\\/a-propos\\\/kelvin-mo\\\/#breadcrumb\"},\"inLanguage\":\"en-US\",\"potentialAction\":[{\"@type\":\"ReadAction\",\"target\":[\"https:\\\/\\\/eqvtg.com\\\/accueil\\\/a-propos\\\/kelvin-mo\\\/\"]}]},{\"@type\":\"ImageObject\",\"inLanguage\":\"en-US\",\"@id\":\"https:\\\/\\\/eqvtg.com\\\/accueil\\\/a-propos\\\/kelvin-mo\\\/#primaryimage\",\"url\":\"https:\\\/\\\/eqvtg.com\\\/wp-content\\\/uploads\\\/2025\\\/11\\\/Kelvin-Mo-e1762486644245.jpg\",\"contentUrl\":\"https:\\\/\\\/eqvtg.com\\\/wp-content\\\/uploads\\\/2025\\\/11\\\/Kelvin-Mo-e1762486644245.jpg\",\"width\":1050,\"height\":1080,\"caption\":\"Kelvin Mo\"},{\"@type\":\"BreadcrumbList\",\"@id\":\"https:\\\/\\\/eqvtg.com\\\/accueil\\\/a-propos\\\/kelvin-mo\\\/#breadcrumb\",\"itemListElement\":[{\"@type\":\"ListItem\",\"position\":1,\"name\":\"Accueil\",\"item\":\"https:\\\/\\\/eqvtg.com\\\/\"},{\"@type\":\"ListItem\",\"position\":2,\"name\":\"Accueil\",\"item\":\"https:\\\/\\\/eqvtg.com\\\/\"},{\"@type\":\"ListItem\",\"position\":3,\"name\":\"\u00c0 propos\",\"item\":\"https:\\\/\\\/eqvtg.com\\\/accueil\\\/a-propos\\\/\"},{\"@type\":\"ListItem\",\"position\":4,\"name\":\"Kelvin Mo\"}]},{\"@type\":\"WebSite\",\"@id\":\"https:\\\/\\\/eqvtg.com\\\/#website\",\"url\":\"https:\\\/\\\/eqvtg.com\\\/\",\"name\":\"EquiVantage Solutions\",\"description\":\"Votre partenaire strat\u00e9gique de croissance\",\"publisher\":{\"@id\":\"https:\\\/\\\/eqvtg.com\\\/#organization\"},\"potentialAction\":[{\"@type\":\"SearchAction\",\"target\":{\"@type\":\"EntryPoint\",\"urlTemplate\":\"https:\\\/\\\/eqvtg.com\\\/?s={search_term_string}\"},\"query-input\":{\"@type\":\"PropertyValueSpecification\",\"valueRequired\":true,\"valueName\":\"search_term_string\"}}],\"inLanguage\":\"en-US\"},{\"@type\":\"Organization\",\"@id\":\"https:\\\/\\\/eqvtg.com\\\/#organization\",\"name\":\"EquiVantage Solutions\",\"url\":\"https:\\\/\\\/eqvtg.com\\\/\",\"logo\":{\"@type\":\"ImageObject\",\"inLanguage\":\"en-US\",\"@id\":\"https:\\\/\\\/eqvtg.com\\\/#\\\/schema\\\/logo\\\/image\\\/\",\"url\":\"https:\\\/\\\/eqvtg.com\\\/wp-content\\\/uploads\\\/2024\\\/06\\\/Color-logo-with-background.png\",\"contentUrl\":\"https:\\\/\\\/eqvtg.com\\\/wp-content\\\/uploads\\\/2024\\\/06\\\/Color-logo-with-background.png\",\"width\":3163,\"height\":806,\"caption\":\"EquiVantage Solutions\"},\"image\":{\"@id\":\"https:\\\/\\\/eqvtg.com\\\/#\\\/schema\\\/logo\\\/image\\\/\"},\"sameAs\":[\"https:\\\/\\\/www.linkedin.com\\\/company\\\/equivantage-solutions\\\/\"]}]}<\/script>\n<!-- \/ Yoast SEO plugin. -->","yoast_head_json":{"title":"Kelvin Mo - EquiVantage Solutions","robots":{"index":"index","follow":"follow","max-snippet":"max-snippet:-1","max-image-preview":"max-image-preview:large","max-video-preview":"max-video-preview:-1"},"canonical":"https:\/\/eqvtg.com\/en\/accueil\/a-propos\/kelvin-mo\/","og_locale":"en_US","og_type":"article","og_title":"Kelvin Mo - EquiVantage Solutions","og_description":"Kelvin Mo Vice-pr\u00e9sident op\u00e9rations, strat\u00e8ge expert en croissance et financement d&rsquo;entreprises et en commercialisation B2B et B2G kmo@eqvtg.com \u00c9DUCATION Executive MBA, ASC, C. Dir., B. Sc. S. CHAMPS D&rsquo;EXPERTISE Strat\u00e9gie et d\u00e9veloppement d&rsquo;entreprises Gouvernance et leadership organisationnel Internationalisation et partenariats Accompagnement strat\u00e9gique de PME et des ONBL Monsieur Mo est strat\u00e8ge expert en croissance d&rsquo;entreprise [&hellip;]","og_url":"https:\/\/eqvtg.com\/en\/accueil\/a-propos\/kelvin-mo\/","og_site_name":"EquiVantage Solutions","article_modified_time":"2026-04-02T19:44:23+00:00","og_image":[{"width":1050,"height":1080,"url":"https:\/\/eqvtg.com\/wp-content\/uploads\/2025\/11\/Kelvin-Mo-e1762486644245.jpg","type":"image\/jpeg"}],"twitter_card":"summary_large_image","twitter_misc":{"Est. reading time":"2 minutes"},"schema":{"@context":"https:\/\/schema.org","@graph":[{"@type":"WebPage","@id":"https:\/\/eqvtg.com\/accueil\/a-propos\/kelvin-mo\/","url":"https:\/\/eqvtg.com\/accueil\/a-propos\/kelvin-mo\/","name":"Kelvin Mo - EquiVantage Solutions","isPartOf":{"@id":"https:\/\/eqvtg.com\/#website"},"primaryImageOfPage":{"@id":"https:\/\/eqvtg.com\/accueil\/a-propos\/kelvin-mo\/#primaryimage"},"image":{"@id":"https:\/\/eqvtg.com\/accueil\/a-propos\/kelvin-mo\/#primaryimage"},"thumbnailUrl":"https:\/\/eqvtg.com\/wp-content\/uploads\/2025\/11\/Kelvin-Mo-e1762486644245.jpg","datePublished":"2025-11-05T20:40:43+00:00","dateModified":"2026-04-02T19:44:23+00:00","breadcrumb":{"@id":"https:\/\/eqvtg.com\/accueil\/a-propos\/kelvin-mo\/#breadcrumb"},"inLanguage":"en-US","potentialAction":[{"@type":"ReadAction","target":["https:\/\/eqvtg.com\/accueil\/a-propos\/kelvin-mo\/"]}]},{"@type":"ImageObject","inLanguage":"en-US","@id":"https:\/\/eqvtg.com\/accueil\/a-propos\/kelvin-mo\/#primaryimage","url":"https:\/\/eqvtg.com\/wp-content\/uploads\/2025\/11\/Kelvin-Mo-e1762486644245.jpg","contentUrl":"https:\/\/eqvtg.com\/wp-content\/uploads\/2025\/11\/Kelvin-Mo-e1762486644245.jpg","width":1050,"height":1080,"caption":"Kelvin Mo"},{"@type":"BreadcrumbList","@id":"https:\/\/eqvtg.com\/accueil\/a-propos\/kelvin-mo\/#breadcrumb","itemListElement":[{"@type":"ListItem","position":1,"name":"Accueil","item":"https:\/\/eqvtg.com\/"},{"@type":"ListItem","position":2,"name":"Accueil","item":"https:\/\/eqvtg.com\/"},{"@type":"ListItem","position":3,"name":"\u00c0 propos","item":"https:\/\/eqvtg.com\/accueil\/a-propos\/"},{"@type":"ListItem","position":4,"name":"Kelvin Mo"}]},{"@type":"WebSite","@id":"https:\/\/eqvtg.com\/#website","url":"https:\/\/eqvtg.com\/","name":"EquiVantage Solutions","description":"Votre partenaire strat\u00e9gique de croissance","publisher":{"@id":"https:\/\/eqvtg.com\/#organization"},"potentialAction":[{"@type":"SearchAction","target":{"@type":"EntryPoint","urlTemplate":"https:\/\/eqvtg.com\/?s={search_term_string}"},"query-input":{"@type":"PropertyValueSpecification","valueRequired":true,"valueName":"search_term_string"}}],"inLanguage":"en-US"},{"@type":"Organization","@id":"https:\/\/eqvtg.com\/#organization","name":"EquiVantage Solutions","url":"https:\/\/eqvtg.com\/","logo":{"@type":"ImageObject","inLanguage":"en-US","@id":"https:\/\/eqvtg.com\/#\/schema\/logo\/image\/","url":"https:\/\/eqvtg.com\/wp-content\/uploads\/2024\/06\/Color-logo-with-background.png","contentUrl":"https:\/\/eqvtg.com\/wp-content\/uploads\/2024\/06\/Color-logo-with-background.png","width":3163,"height":806,"caption":"EquiVantage Solutions"},"image":{"@id":"https:\/\/eqvtg.com\/#\/schema\/logo\/image\/"},"sameAs":["https:\/\/www.linkedin.com\/company\/equivantage-solutions\/"]}]}},"_links":{"self":[{"href":"https:\/\/eqvtg.com\/en\/wp-json\/wp\/v2\/pages\/1548","targetHints":{"allow":["GET"]}}],"collection":[{"href":"https:\/\/eqvtg.com\/en\/wp-json\/wp\/v2\/pages"}],"about":[{"href":"https:\/\/eqvtg.com\/en\/wp-json\/wp\/v2\/types\/page"}],"author":[{"embeddable":true,"href":"https:\/\/eqvtg.com\/en\/wp-json\/wp\/v2\/users\/1"}],"replies":[{"embeddable":true,"href":"https:\/\/eqvtg.com\/en\/wp-json\/wp\/v2\/comments?post=1548"}],"version-history":[{"count":43,"href":"https:\/\/eqvtg.com\/en\/wp-json\/wp\/v2\/pages\/1548\/revisions"}],"predecessor-version":[{"id":1778,"href":"https:\/\/eqvtg.com\/en\/wp-json\/wp\/v2\/pages\/1548\/revisions\/1778"}],"up":[{"embeddable":true,"href":"https:\/\/eqvtg.com\/en\/wp-json\/wp\/v2\/pages\/222"}],"wp:featuredmedia":[{"embeddable":true,"href":"https:\/\/eqvtg.com\/en\/wp-json\/wp\/v2\/media\/1549"}],"wp:attachment":[{"href":"https:\/\/eqvtg.com\/en\/wp-json\/wp\/v2\/media?parent=1548"}],"curies":[{"name":"wp","href":"https:\/\/api.w.org\/{rel}","templated":true}]}}