{"id":1436,"date":"2024-11-19T08:58:52","date_gmt":"2024-11-19T12:58:52","guid":{"rendered":"https:\/\/eqvtg.com\/?page_id=1436"},"modified":"2026-04-02T14:32:53","modified_gmt":"2026-04-02T18:32:53","slug":"philippe-gaumond","status":"publish","type":"page","link":"https:\/\/eqvtg.com\/en\/accueil\/a-propos\/philippe-gaumond\/","title":{"rendered":"Philippe Gaumond"},"content":{"rendered":"<div data-elementor-type=\"wp-page\" data-elementor-id=\"1436\" class=\"elementor elementor-1436\" data-elementor-post-type=\"page\">\n\t\t\t\t\t\t<section class=\"elementor-section elementor-top-section elementor-element elementor-element-77466ac6 elementor-section-boxed elementor-section-height-default elementor-section-height-default\" data-id=\"77466ac6\" data-element_type=\"section\" data-e-type=\"section\">\n\t\t\t\t\t\t<div class=\"elementor-container elementor-column-gap-default\">\n\t\t\t\t\t<div class=\"elementor-column elementor-col-100 elementor-top-column elementor-element elementor-element-5deb50ca\" data-id=\"5deb50ca\" data-element_type=\"column\" data-e-type=\"column\">\n\t\t\t<div class=\"elementor-widget-wrap\">\n\t\t\t\t\t\t\t<\/div>\n\t\t<\/div>\n\t\t\t\t\t<\/div>\n\t\t<\/section>\n\t\t\t\t<section class=\"elementor-section elementor-top-section elementor-element elementor-element-6a9b030f elementor-section-boxed elementor-section-height-default elementor-section-height-default\" data-id=\"6a9b030f\" data-element_type=\"section\" data-e-type=\"section\">\n\t\t\t\t\t\t<div class=\"elementor-container elementor-column-gap-default\">\n\t\t\t\t\t<div class=\"elementor-column elementor-col-50 elementor-top-column elementor-element elementor-element-278d5aae\" data-id=\"278d5aae\" data-element_type=\"column\" data-e-type=\"column\">\n\t\t\t<div class=\"elementor-widget-wrap elementor-element-populated\">\n\t\t\t\t\t\t<div class=\"elementor-element elementor-element-50faa389 elementor-widget elementor-widget-image\" data-id=\"50faa389\" data-element_type=\"widget\" data-e-type=\"widget\" data-widget_type=\"image.default\">\n\t\t\t\t<div class=\"elementor-widget-container\">\n\t\t\t\t\t\t\t\t\t\t\t\t\t\t\t<img fetchpriority=\"high\" decoding=\"async\" width=\"1024\" height=\"1024\" src=\"https:\/\/eqvtg.com\/wp-content\/uploads\/2025\/04\/Philippe-1024x1024.png\" class=\"attachment-large size-large wp-image-1514\" alt=\"\" srcset=\"https:\/\/eqvtg.com\/wp-content\/uploads\/2025\/04\/Philippe-1024x1024.png 1024w, https:\/\/eqvtg.com\/wp-content\/uploads\/2025\/04\/Philippe-300x300.png 300w, https:\/\/eqvtg.com\/wp-content\/uploads\/2025\/04\/Philippe-150x150.png 150w, https:\/\/eqvtg.com\/wp-content\/uploads\/2025\/04\/Philippe-768x768.png 768w, https:\/\/eqvtg.com\/wp-content\/uploads\/2025\/04\/Philippe-12x12.png 12w, https:\/\/eqvtg.com\/wp-content\/uploads\/2025\/04\/Philippe.png 1080w\" sizes=\"(max-width: 1024px) 100vw, 1024px\" \/>\t\t\t\t\t\t\t\t\t\t\t\t\t\t\t<\/div>\n\t\t\t\t<\/div>\n\t\t\t\t<div class=\"elementor-element elementor-element-3968ce90 elementor-widget__width-auto elementor-widget elementor-widget-heading\" data-id=\"3968ce90\" data-element_type=\"widget\" data-e-type=\"widget\" data-widget_type=\"heading.default\">\n\t\t\t\t<div class=\"elementor-widget-container\">\n\t\t\t\t\t<h2 class=\"elementor-heading-title elementor-size-default\">PHILIPPE GAUMOND<\/h2>\t\t\t\t<\/div>\n\t\t\t\t<\/div>\n\t\t\t\t<div class=\"elementor-element elementor-element-2b0f150a elementor-widget__width-auto e-transform elementor-view-default elementor-widget elementor-widget-icon\" data-id=\"2b0f150a\" data-element_type=\"widget\" data-e-type=\"widget\" data-settings=\"{&quot;_transform_scale_effect_hover&quot;:{&quot;unit&quot;:&quot;px&quot;,&quot;size&quot;:1.02,&quot;sizes&quot;:[]},&quot;_transform_scale_effect_hover_widescreen&quot;:{&quot;unit&quot;:&quot;px&quot;,&quot;size&quot;:&quot;&quot;,&quot;sizes&quot;:[]},&quot;_transform_scale_effect_hover_laptop&quot;:{&quot;unit&quot;:&quot;px&quot;,&quot;size&quot;:&quot;&quot;,&quot;sizes&quot;:[]},&quot;_transform_scale_effect_hover_tablet&quot;:{&quot;unit&quot;:&quot;px&quot;,&quot;size&quot;:&quot;&quot;,&quot;sizes&quot;:[]},&quot;_transform_scale_effect_hover_mobile&quot;:{&quot;unit&quot;:&quot;px&quot;,&quot;size&quot;:&quot;&quot;,&quot;sizes&quot;:[]}}\" data-widget_type=\"icon.default\">\n\t\t\t\t<div class=\"elementor-widget-container\">\n\t\t\t\t\t\t\t<div class=\"elementor-icon-wrapper\">\n\t\t\t<a class=\"elementor-icon\" href=\"https:\/\/www.linkedin.com\/in\/philippe-gaumond-6313b7196\/\">\n\t\t\t<svg aria-hidden=\"true\" class=\"e-font-icon-svg e-fab-linkedin\" viewbox=\"0 0 448 512\" xmlns=\"http:\/\/www.w3.org\/2000\/svg\"><path d=\"M416 32H31.9C14.3 32 0 46.5 0 64.3v383.4C0 465.5 14.3 480 31.9 480H416c17.6 0 32-14.5 32-32.3V64.3c0-17.8-14.4-32.3-32-32.3zM135.4 416H69V202.2h66.5V416zm-33.2-243c-21.3 0-38.5-17.3-38.5-38.5S80.9 96 102.2 96c21.2 0 38.5 17.3 38.5 38.5 0 21.3-17.2 38.5-38.5 38.5zm282.1 243h-66.4V312c0-24.8-.5-56.7-34.5-56.7-34.6 0-39.9 27-39.9 54.9V416h-66.4V202.2h63.7v29.2h.9c8.9-16.8 30.6-34.5 62.9-34.5 67.2 0 79.7 44.3 79.7 101.9V416z\"><\/path><\/svg>\t\t\t<\/a>\n\t\t<\/div>\n\t\t\t\t\t\t<\/div>\n\t\t\t\t<\/div>\n\t\t\t\t<div class=\"elementor-element elementor-element-627469a2 elementor-widget__width-initial elementor-widget elementor-widget-text-editor\" data-id=\"627469a2\" data-element_type=\"widget\" data-e-type=\"widget\" data-widget_type=\"text-editor.default\">\n\t\t\t\t<div class=\"elementor-widget-container\">\n\t\t\t\t\t\t\t\t\t<p>CFO, Senior Strategist in Corporate Growth and Funding and B2B Commercialisation<\/p><p><span style=\"font-size: 16px;\">pgaumond@eqvtg.com<\/span><\/p>\t\t\t\t\t\t\t\t<\/div>\n\t\t\t\t<\/div>\n\t\t\t\t<div class=\"elementor-element elementor-element-d6a8377 elementor-widget elementor-widget-heading\" data-id=\"d6a8377\" data-element_type=\"widget\" data-e-type=\"widget\" data-widget_type=\"heading.default\">\n\t\t\t\t<div class=\"elementor-widget-container\">\n\t\t\t\t\t<h2 class=\"elementor-heading-title elementor-size-default\">EDUCATION<\/h2>\t\t\t\t<\/div>\n\t\t\t\t<\/div>\n\t\t\t\t<div class=\"elementor-element elementor-element-2c7f1309 elementor-widget elementor-widget-text-editor\" data-id=\"2c7f1309\" data-element_type=\"widget\" data-e-type=\"widget\" data-widget_type=\"text-editor.default\">\n\t\t\t\t<div class=\"elementor-widget-container\">\n\t\t\t\t\t\t\t\t\t<p>B.A.A &#8211; Finances<\/p>\t\t\t\t\t\t\t\t<\/div>\n\t\t\t\t<\/div>\n\t\t\t\t<div class=\"elementor-element elementor-element-4034ba05 elementor-widget elementor-widget-heading\" data-id=\"4034ba05\" data-element_type=\"widget\" data-e-type=\"widget\" data-widget_type=\"heading.default\">\n\t\t\t\t<div class=\"elementor-widget-container\">\n\t\t\t\t\t<h2 class=\"elementor-heading-title elementor-size-default\">AREAS OF EXPERTISE\n<\/h2>\t\t\t\t<\/div>\n\t\t\t\t<\/div>\n\t\t\t\t<div class=\"elementor-element elementor-element-4416e39b elementor-widget elementor-widget-text-editor\" data-id=\"4416e39b\" data-element_type=\"widget\" data-e-type=\"widget\" data-widget_type=\"text-editor.default\">\n\t\t\t\t<div class=\"elementor-widget-container\">\n\t\t\t\t\t\t\t\t\t<ul><li>Business Financing<\/li><li>Social Impact<\/li><li>Strategic Partnerships<\/li><li>Commercialization<\/li><li>Financial Strategy<\/li><\/ul>\t\t\t\t\t\t\t\t<\/div>\n\t\t\t\t<\/div>\n\t\t\t\t\t<\/div>\n\t\t<\/div>\n\t\t\t\t<div class=\"elementor-column elementor-col-50 elementor-top-column elementor-element elementor-element-3e9d6a6f\" data-id=\"3e9d6a6f\" data-element_type=\"column\" data-e-type=\"column\">\n\t\t\t<div class=\"elementor-widget-wrap elementor-element-populated\">\n\t\t\t\t\t\t<div class=\"elementor-element elementor-element-5af2e212 elementor-widget elementor-widget-text-editor\" data-id=\"5af2e212\" data-element_type=\"widget\" data-e-type=\"widget\" data-widget_type=\"text-editor.default\">\n\t\t\t\t<div class=\"elementor-widget-container\">\n\t\t\t\t\t\t\t\t\t<p><span lang=\"fr-CA\" data-olk-copy-source=\"MessageBody\">Philippe Gaumond is a senior strategist in business growth and financing and B2B marketing. He specializes in supporting innovative technology companies, particularly in the \"Hardtech\" sector.<\/span><\/p><p><span lang=\"fr-CA\" data-olk-copy-source=\"MessageBody\">His rigorous and structured approach enables him to effectively support founders and executives in their growth strategies, access to capital, and optimization of financial resources.<\/span><\/p><p><span lang=\"fr-CA\">At Garage&amp;Co, a technology incubator based in Canada, Philippe has so far supported more than 45 startups in structuring their financing, seeking grants, strategic planning and developing financial models adapted to their stage of maturity.<\/span><\/p><p><span lang=\"fr-CA\">On a volunteer basis, he also supports Formaca, a social enterprise with 110 employees whose mission is to promote the professional integration of people living with disabilities. He advises the leadership team on developing a new line of business and mobilizing structuring financing.<\/span><\/p><p><span lang=\"fr-CA\">Philippe also serves as fractional CFO for BeOnyx, a startup specializing in the electrification of off-road heavy vehicles, where he is responsible for financial modeling, capital structuring, and managing relationships with financial partners.<\/span><\/p><p><span lang=\"fr-CA\">A former commercial account manager at Scotiabank, Philippe worked as a business analyst for commercial accounts with credit portfolios ranging from 5 to 125 million CAD, and later as a commercial account manager.<\/span><\/p><p><span lang=\"fr-CA\">His banking experience, combined with his close connection to the entrepreneurial ecosystem, enables him to provide strategic, pragmatic, and growth-oriented support.\u00a0<\/span><\/p>\t\t\t\t\t\t\t\t<\/div>\n\t\t\t\t<\/div>\n\t\t\t\t\t<\/div>\n\t\t<\/div>\n\t\t\t\t\t<\/div>\n\t\t<\/section>\n\t\t\t\t<section class=\"elementor-section elementor-top-section elementor-element elementor-element-902cdde elementor-section-boxed elementor-section-height-default elementor-section-height-default\" data-id=\"902cdde\" data-element_type=\"section\" data-e-type=\"section\" data-settings=\"{&quot;background_background&quot;:&quot;classic&quot;}\">\n\t\t\t\t\t\t<div class=\"elementor-container elementor-column-gap-default\">\n\t\t\t\t\t<div class=\"elementor-column elementor-col-100 elementor-top-column elementor-element elementor-element-68ce24d1\" data-id=\"68ce24d1\" data-element_type=\"column\" data-e-type=\"column\">\n\t\t\t<div class=\"elementor-widget-wrap elementor-element-populated\">\n\t\t\t\t\t\t<div class=\"elementor-element elementor-element-d9c57a elementor-invisible elementor-widget elementor-widget-heading\" data-id=\"d9c57a\" data-element_type=\"widget\" data-e-type=\"widget\" data-settings=\"{&quot;_animation_mobile&quot;:&quot;slideInRight&quot;,&quot;_animation&quot;:&quot;fadeInDown&quot;}\" data-widget_type=\"heading.default\">\n\t\t\t\t<div class=\"elementor-widget-container\">\n\t\t\t\t\t<h2 class=\"elementor-heading-title elementor-size-xl\">HOW CAN WE HELP YOU?<\/h2>\t\t\t\t<\/div>\n\t\t\t\t<\/div>\n\t\t\t\t<div class=\"elementor-element elementor-element-5de19a01 e-transform elementor-widget elementor-widget-heading\" data-id=\"5de19a01\" data-element_type=\"widget\" data-e-type=\"widget\" data-settings=\"{&quot;_transform_scale_effect_hover&quot;:{&quot;unit&quot;:&quot;px&quot;,&quot;size&quot;:1.1,&quot;sizes&quot;:[]},&quot;_transform_scale_effect_hover_widescreen&quot;:{&quot;unit&quot;:&quot;px&quot;,&quot;size&quot;:&quot;&quot;,&quot;sizes&quot;:[]},&quot;_transform_scale_effect_hover_laptop&quot;:{&quot;unit&quot;:&quot;px&quot;,&quot;size&quot;:&quot;&quot;,&quot;sizes&quot;:[]},&quot;_transform_scale_effect_hover_tablet&quot;:{&quot;unit&quot;:&quot;px&quot;,&quot;size&quot;:&quot;&quot;,&quot;sizes&quot;:[]},&quot;_transform_scale_effect_hover_mobile&quot;:{&quot;unit&quot;:&quot;px&quot;,&quot;size&quot;:&quot;&quot;,&quot;sizes&quot;:[]}}\" data-widget_type=\"heading.default\">\n\t\t\t\t<div class=\"elementor-widget-container\">\n\t\t\t\t\t<h2 class=\"elementor-heading-title elementor-size-default\"><a href=\"https:\/\/eqvtg.com\/en\/contact\/\">CONTACT US<\/a><\/h2>\t\t\t\t<\/div>\n\t\t\t\t<\/div>\n\t\t\t\t\t<\/div>\n\t\t<\/div>\n\t\t\t\t\t<\/div>\n\t\t<\/section>\n\t\t\t\t<\/div>","protected":false},"excerpt":{"rendered":"<p>PHILIPPE GAUMOND Vice-pr\u00e9sident finances, strat\u00e8ge s\u00e9nior en croissance et financement d&rsquo;entreprises et en commercialisation B2B pgaumond@eqvtg.com \u00c9DUCATION B.A.A &#8211; Finances CHAMPS D&rsquo;EXPERTISE Financement d&rsquo;entreprise Impact social Partenariats strat\u00e9giques Commercialisation Strat\u00e9gie financi\u00e8re Philippe Gaumond est un strat\u00e8ge s\u00e9nior en croissance et financement d&rsquo;entreprises et en commercialisation B2B. Il se sp\u00e9cialise dans l\u2019accompagnement d\u2019entreprises technologiques innovantes, particuli\u00e8rement [&hellip;]<\/p>\n","protected":false},"author":1,"featured_media":0,"parent":222,"menu_order":0,"comment_status":"closed","ping_status":"closed","template":"","meta":{"site-sidebar-layout":"no-sidebar","site-content-layout":"","ast-site-content-layout":"full-width-container","site-content-style":"default","site-sidebar-style":"default","ast-global-header-display":"","ast-banner-title-visibility":"","ast-main-header-display":"","ast-hfb-above-header-display":"","ast-hfb-below-header-display":"","ast-hfb-mobile-header-display":"","site-post-title":"disabled","ast-breadcrumbs-content":"","ast-featured-img":"disabled","footer-sml-layout":"","ast-disable-related-posts":"","theme-transparent-header-meta":"default","adv-header-id-meta":"","stick-header-meta":"","header-above-stick-meta":"","header-main-stick-meta":"","header-below-stick-meta":"","astra-migrate-meta-layouts":"set","ast-page-background-enabled":"default","ast-page-background-meta":{"desktop":{"background-color":"var(--ast-global-color-4)","background-image":"","background-repeat":"repeat","background-position":"center center","background-size":"auto","background-attachment":"scroll","background-type":"","background-media":"","overlay-type":"","overlay-color":"","overlay-opacity":"","overlay-gradient":""},"tablet":{"background-color":"","background-image":"","background-repeat":"repeat","background-position":"center center","background-size":"auto","background-attachment":"scroll","background-type":"","background-media":"","overlay-type":"","overlay-color":"","overlay-opacity":"","overlay-gradient":""},"mobile":{"background-color":"","background-image":"","background-repeat":"repeat","background-position":"center center","background-size":"auto","background-attachment":"scroll","background-type":"","background-media":"","overlay-type":"","overlay-color":"","overlay-opacity":"","overlay-gradient":""}},"ast-content-background-meta":{"desktop":{"background-color":"var(--ast-global-color-5)","background-image":"","background-repeat":"repeat","background-position":"center center","background-size":"auto","background-attachment":"scroll","background-type":"","background-media":"","overlay-type":"","overlay-color":"","overlay-opacity":"","overlay-gradient":""},"tablet":{"background-color":"var(--ast-global-color-5)","background-image":"","background-repeat":"repeat","background-position":"center center","background-size":"auto","background-attachment":"scroll","background-type":"","background-media":"","overlay-type":"","overlay-color":"","overlay-opacity":"","overlay-gradient":""},"mobile":{"background-color":"var(--ast-global-color-5)","background-image":"","background-repeat":"repeat","background-position":"center center","background-size":"auto","background-attachment":"scroll","background-type":"","background-media":"","overlay-type":"","overlay-color":"","overlay-opacity":"","overlay-gradient":""}},"footnotes":""},"class_list":["post-1436","page","type-page","status-publish","hentry"],"yoast_head":"<!-- This site is optimized with the Yoast SEO plugin v27.4 - https:\/\/yoast.com\/product\/yoast-seo-wordpress\/ -->\n<title>Philippe Gaumond - EquiVantage Solutions<\/title>\n<meta name=\"robots\" content=\"index, follow, max-snippet:-1, max-image-preview:large, max-video-preview:-1\" \/>\n<link rel=\"canonical\" href=\"https:\/\/eqvtg.com\/en\/accueil\/a-propos\/philippe-gaumond\/\" \/>\n<meta property=\"og:locale\" content=\"en_US\" \/>\n<meta property=\"og:type\" content=\"article\" \/>\n<meta property=\"og:title\" content=\"Philippe Gaumond - EquiVantage Solutions\" \/>\n<meta property=\"og:description\" content=\"PHILIPPE GAUMOND Vice-pr\u00e9sident finances, strat\u00e8ge s\u00e9nior en croissance et financement d&rsquo;entreprises et en commercialisation B2B pgaumond@eqvtg.com \u00c9DUCATION B.A.A &#8211; Finances CHAMPS D&rsquo;EXPERTISE Financement d&rsquo;entreprise Impact social Partenariats strat\u00e9giques Commercialisation Strat\u00e9gie financi\u00e8re Philippe Gaumond est un strat\u00e8ge s\u00e9nior en croissance et financement d&rsquo;entreprises et en commercialisation B2B. Il se sp\u00e9cialise dans l\u2019accompagnement d\u2019entreprises technologiques innovantes, particuli\u00e8rement [&hellip;]\" \/>\n<meta property=\"og:url\" content=\"https:\/\/eqvtg.com\/en\/accueil\/a-propos\/philippe-gaumond\/\" \/>\n<meta property=\"og:site_name\" content=\"EquiVantage Solutions\" \/>\n<meta property=\"article:modified_time\" content=\"2026-04-02T18:32:53+00:00\" \/>\n<meta property=\"og:image\" content=\"https:\/\/eqvtg.com\/wp-content\/uploads\/2025\/04\/Philippe.png\" \/>\n\t<meta property=\"og:image:width\" content=\"1080\" \/>\n\t<meta property=\"og:image:height\" content=\"1080\" \/>\n\t<meta property=\"og:image:type\" content=\"image\/png\" \/>\n<meta name=\"twitter:card\" content=\"summary_large_image\" \/>\n<meta name=\"twitter:label1\" content=\"Est. reading time\" \/>\n\t<meta name=\"twitter:data1\" content=\"2 minutes\" \/>\n<script type=\"application\/ld+json\" class=\"yoast-schema-graph\">{\"@context\":\"https:\\\/\\\/schema.org\",\"@graph\":[{\"@type\":\"WebPage\",\"@id\":\"https:\\\/\\\/eqvtg.com\\\/accueil\\\/a-propos\\\/philippe-gaumond\\\/\",\"url\":\"https:\\\/\\\/eqvtg.com\\\/accueil\\\/a-propos\\\/philippe-gaumond\\\/\",\"name\":\"Philippe Gaumond - EquiVantage Solutions\",\"isPartOf\":{\"@id\":\"https:\\\/\\\/eqvtg.com\\\/#website\"},\"primaryImageOfPage\":{\"@id\":\"https:\\\/\\\/eqvtg.com\\\/accueil\\\/a-propos\\\/philippe-gaumond\\\/#primaryimage\"},\"image\":{\"@id\":\"https:\\\/\\\/eqvtg.com\\\/accueil\\\/a-propos\\\/philippe-gaumond\\\/#primaryimage\"},\"thumbnailUrl\":\"https:\\\/\\\/eqvtg.com\\\/wp-content\\\/uploads\\\/2025\\\/04\\\/Philippe-1024x1024.png\",\"datePublished\":\"2024-11-19T12:58:52+00:00\",\"dateModified\":\"2026-04-02T18:32:53+00:00\",\"breadcrumb\":{\"@id\":\"https:\\\/\\\/eqvtg.com\\\/accueil\\\/a-propos\\\/philippe-gaumond\\\/#breadcrumb\"},\"inLanguage\":\"en-US\",\"potentialAction\":[{\"@type\":\"ReadAction\",\"target\":[\"https:\\\/\\\/eqvtg.com\\\/accueil\\\/a-propos\\\/philippe-gaumond\\\/\"]}]},{\"@type\":\"ImageObject\",\"inLanguage\":\"en-US\",\"@id\":\"https:\\\/\\\/eqvtg.com\\\/accueil\\\/a-propos\\\/philippe-gaumond\\\/#primaryimage\",\"url\":\"https:\\\/\\\/eqvtg.com\\\/wp-content\\\/uploads\\\/2025\\\/04\\\/Philippe-1024x1024.png\",\"contentUrl\":\"https:\\\/\\\/eqvtg.com\\\/wp-content\\\/uploads\\\/2025\\\/04\\\/Philippe-1024x1024.png\"},{\"@type\":\"BreadcrumbList\",\"@id\":\"https:\\\/\\\/eqvtg.com\\\/accueil\\\/a-propos\\\/philippe-gaumond\\\/#breadcrumb\",\"itemListElement\":[{\"@type\":\"ListItem\",\"position\":1,\"name\":\"Accueil\",\"item\":\"https:\\\/\\\/eqvtg.com\\\/\"},{\"@type\":\"ListItem\",\"position\":2,\"name\":\"Accueil\",\"item\":\"https:\\\/\\\/eqvtg.com\\\/\"},{\"@type\":\"ListItem\",\"position\":3,\"name\":\"\u00c0 propos\",\"item\":\"https:\\\/\\\/eqvtg.com\\\/accueil\\\/a-propos\\\/\"},{\"@type\":\"ListItem\",\"position\":4,\"name\":\"Philippe Gaumond\"}]},{\"@type\":\"WebSite\",\"@id\":\"https:\\\/\\\/eqvtg.com\\\/#website\",\"url\":\"https:\\\/\\\/eqvtg.com\\\/\",\"name\":\"EquiVantage Solutions\",\"description\":\"Votre partenaire strat\u00e9gique de croissance\",\"publisher\":{\"@id\":\"https:\\\/\\\/eqvtg.com\\\/#organization\"},\"potentialAction\":[{\"@type\":\"SearchAction\",\"target\":{\"@type\":\"EntryPoint\",\"urlTemplate\":\"https:\\\/\\\/eqvtg.com\\\/?s={search_term_string}\"},\"query-input\":{\"@type\":\"PropertyValueSpecification\",\"valueRequired\":true,\"valueName\":\"search_term_string\"}}],\"inLanguage\":\"en-US\"},{\"@type\":\"Organization\",\"@id\":\"https:\\\/\\\/eqvtg.com\\\/#organization\",\"name\":\"EquiVantage Solutions\",\"url\":\"https:\\\/\\\/eqvtg.com\\\/\",\"logo\":{\"@type\":\"ImageObject\",\"inLanguage\":\"en-US\",\"@id\":\"https:\\\/\\\/eqvtg.com\\\/#\\\/schema\\\/logo\\\/image\\\/\",\"url\":\"https:\\\/\\\/eqvtg.com\\\/wp-content\\\/uploads\\\/2024\\\/06\\\/Color-logo-with-background.png\",\"contentUrl\":\"https:\\\/\\\/eqvtg.com\\\/wp-content\\\/uploads\\\/2024\\\/06\\\/Color-logo-with-background.png\",\"width\":3163,\"height\":806,\"caption\":\"EquiVantage Solutions\"},\"image\":{\"@id\":\"https:\\\/\\\/eqvtg.com\\\/#\\\/schema\\\/logo\\\/image\\\/\"},\"sameAs\":[\"https:\\\/\\\/www.linkedin.com\\\/company\\\/equivantage-solutions\\\/\"]}]}<\/script>\n<!-- \/ Yoast SEO plugin. -->","yoast_head_json":{"title":"Philippe Gaumond - EquiVantage Solutions","robots":{"index":"index","follow":"follow","max-snippet":"max-snippet:-1","max-image-preview":"max-image-preview:large","max-video-preview":"max-video-preview:-1"},"canonical":"https:\/\/eqvtg.com\/en\/accueil\/a-propos\/philippe-gaumond\/","og_locale":"en_US","og_type":"article","og_title":"Philippe Gaumond - EquiVantage Solutions","og_description":"PHILIPPE GAUMOND Vice-pr\u00e9sident finances, strat\u00e8ge s\u00e9nior en croissance et financement d&rsquo;entreprises et en commercialisation B2B pgaumond@eqvtg.com \u00c9DUCATION B.A.A &#8211; Finances CHAMPS D&rsquo;EXPERTISE Financement d&rsquo;entreprise Impact social Partenariats strat\u00e9giques Commercialisation Strat\u00e9gie financi\u00e8re Philippe Gaumond est un strat\u00e8ge s\u00e9nior en croissance et financement d&rsquo;entreprises et en commercialisation B2B. Il se sp\u00e9cialise dans l\u2019accompagnement d\u2019entreprises technologiques innovantes, particuli\u00e8rement [&hellip;]","og_url":"https:\/\/eqvtg.com\/en\/accueil\/a-propos\/philippe-gaumond\/","og_site_name":"EquiVantage Solutions","article_modified_time":"2026-04-02T18:32:53+00:00","og_image":[{"width":1080,"height":1080,"url":"https:\/\/eqvtg.com\/wp-content\/uploads\/2025\/04\/Philippe.png","type":"image\/png"}],"twitter_card":"summary_large_image","twitter_misc":{"Est. reading time":"2 minutes"},"schema":{"@context":"https:\/\/schema.org","@graph":[{"@type":"WebPage","@id":"https:\/\/eqvtg.com\/accueil\/a-propos\/philippe-gaumond\/","url":"https:\/\/eqvtg.com\/accueil\/a-propos\/philippe-gaumond\/","name":"Philippe Gaumond - EquiVantage Solutions","isPartOf":{"@id":"https:\/\/eqvtg.com\/#website"},"primaryImageOfPage":{"@id":"https:\/\/eqvtg.com\/accueil\/a-propos\/philippe-gaumond\/#primaryimage"},"image":{"@id":"https:\/\/eqvtg.com\/accueil\/a-propos\/philippe-gaumond\/#primaryimage"},"thumbnailUrl":"https:\/\/eqvtg.com\/wp-content\/uploads\/2025\/04\/Philippe-1024x1024.png","datePublished":"2024-11-19T12:58:52+00:00","dateModified":"2026-04-02T18:32:53+00:00","breadcrumb":{"@id":"https:\/\/eqvtg.com\/accueil\/a-propos\/philippe-gaumond\/#breadcrumb"},"inLanguage":"en-US","potentialAction":[{"@type":"ReadAction","target":["https:\/\/eqvtg.com\/accueil\/a-propos\/philippe-gaumond\/"]}]},{"@type":"ImageObject","inLanguage":"en-US","@id":"https:\/\/eqvtg.com\/accueil\/a-propos\/philippe-gaumond\/#primaryimage","url":"https:\/\/eqvtg.com\/wp-content\/uploads\/2025\/04\/Philippe-1024x1024.png","contentUrl":"https:\/\/eqvtg.com\/wp-content\/uploads\/2025\/04\/Philippe-1024x1024.png"},{"@type":"BreadcrumbList","@id":"https:\/\/eqvtg.com\/accueil\/a-propos\/philippe-gaumond\/#breadcrumb","itemListElement":[{"@type":"ListItem","position":1,"name":"Accueil","item":"https:\/\/eqvtg.com\/"},{"@type":"ListItem","position":2,"name":"Accueil","item":"https:\/\/eqvtg.com\/"},{"@type":"ListItem","position":3,"name":"\u00c0 propos","item":"https:\/\/eqvtg.com\/accueil\/a-propos\/"},{"@type":"ListItem","position":4,"name":"Philippe Gaumond"}]},{"@type":"WebSite","@id":"https:\/\/eqvtg.com\/#website","url":"https:\/\/eqvtg.com\/","name":"EquiVantage Solutions","description":"Votre partenaire strat\u00e9gique de croissance","publisher":{"@id":"https:\/\/eqvtg.com\/#organization"},"potentialAction":[{"@type":"SearchAction","target":{"@type":"EntryPoint","urlTemplate":"https:\/\/eqvtg.com\/?s={search_term_string}"},"query-input":{"@type":"PropertyValueSpecification","valueRequired":true,"valueName":"search_term_string"}}],"inLanguage":"en-US"},{"@type":"Organization","@id":"https:\/\/eqvtg.com\/#organization","name":"EquiVantage Solutions","url":"https:\/\/eqvtg.com\/","logo":{"@type":"ImageObject","inLanguage":"en-US","@id":"https:\/\/eqvtg.com\/#\/schema\/logo\/image\/","url":"https:\/\/eqvtg.com\/wp-content\/uploads\/2024\/06\/Color-logo-with-background.png","contentUrl":"https:\/\/eqvtg.com\/wp-content\/uploads\/2024\/06\/Color-logo-with-background.png","width":3163,"height":806,"caption":"EquiVantage Solutions"},"image":{"@id":"https:\/\/eqvtg.com\/#\/schema\/logo\/image\/"},"sameAs":["https:\/\/www.linkedin.com\/company\/equivantage-solutions\/"]}]}},"_links":{"self":[{"href":"https:\/\/eqvtg.com\/en\/wp-json\/wp\/v2\/pages\/1436","targetHints":{"allow":["GET"]}}],"collection":[{"href":"https:\/\/eqvtg.com\/en\/wp-json\/wp\/v2\/pages"}],"about":[{"href":"https:\/\/eqvtg.com\/en\/wp-json\/wp\/v2\/types\/page"}],"author":[{"embeddable":true,"href":"https:\/\/eqvtg.com\/en\/wp-json\/wp\/v2\/users\/1"}],"replies":[{"embeddable":true,"href":"https:\/\/eqvtg.com\/en\/wp-json\/wp\/v2\/comments?post=1436"}],"version-history":[{"count":50,"href":"https:\/\/eqvtg.com\/en\/wp-json\/wp\/v2\/pages\/1436\/revisions"}],"predecessor-version":[{"id":1756,"href":"https:\/\/eqvtg.com\/en\/wp-json\/wp\/v2\/pages\/1436\/revisions\/1756"}],"up":[{"embeddable":true,"href":"https:\/\/eqvtg.com\/en\/wp-json\/wp\/v2\/pages\/222"}],"wp:attachment":[{"href":"https:\/\/eqvtg.com\/en\/wp-json\/wp\/v2\/media?parent=1436"}],"curies":[{"name":"wp","href":"https:\/\/api.w.org\/{rel}","templated":true}]}}